{"id":31,"date":"2020-06-29T13:36:29","date_gmt":"2020-06-29T13:36:29","guid":{"rendered":"https:\/\/wast-stick.at\/?page_id=31"},"modified":"2024-05-14T16:46:49","modified_gmt":"2024-05-14T16:46:49","slug":"agb","status":"publish","type":"page","link":"https:\/\/wast-stick.at\/index.php\/agb\/","title":{"rendered":"AGB"},"content":{"rendered":"\n<h2 class=\"wp-block-heading\">Allgemeine Gesch\u00e4ftsbedingungen<\/h2>\n\n\n\n<p>1.1 Die Fa. WaSt-TRADING e.U. bietet Waren im Bereich Bekleidung an. Die Waren sind ausschlie\u00dflich neu.<br>1.2 Die hier vorliegenden AGB gelten f\u00fcr die gesamte Gesch\u00e4ftsbeziehung zwischen \u201eFa. WaSt-TRADING e.U.\u201c und dem Kunden.<br>1.3 Kunden im Sinne der vorstehenden Verkaufsbedingungen sind sowohl Verbraucher als auch Unternehmer.<br>1.3.1 Als Verbraucher anzusehen ist jede nat\u00fcrliche Person, mit der in Gesch\u00e4ftsbeziehung getreten wird und die zu einem Zweck handelt, der weder ihrer gewerblichen noch ihrer selbst\u00e4ndigen beruflichen T\u00e4tigkeit zugerechnet werden kann.<br>1.3.2 Unternehmer im Sinne der vorliegenden AGB ist jede nat\u00fcrliche oder juristische Person oder eine rechtsf\u00e4hige Personengesellschaft, mit der in Gesch\u00e4ftsbeziehung getreten wird und die in Aus\u00fcbung ihrer gewerblichen oder selbst\u00e4ndigen beruflichen T\u00e4tigkeit handelt.<\/p>\n\n\n\n<h3 class=\"wp-block-heading\">\u00a7 2 Vertragsabschluss<\/h3>\n\n\n\n<p>2.1 Die innerhalb des Online-Shops bzw. Katalog aufgef\u00fchrten Produkte und Leistungen stellen keine bindenden Angebote dar. Es handelt sich bei den Angeboten vielmehr um die Aufforderung an den Kunden, \u201eWaSt-TRADING e.U.\u201c ein verbindliches Angebot zu unterbreiten.<br>2.1.1 Produktabbildungen sowie Zeichnungen oder Illustrationen gelten lediglich als ann\u00e4hernde Produktbeschreibung. Ma\u00dfgebend f\u00fcr die Produktbeschaffenheit sind die Angaben in der Auftragsbest\u00e4tigung.<br>2.1.2 Die angebotenen Produkte entsprechen den Anforderungen des \u00d6sterreichischen Marktes<br>2.2 Mit der Bestellung \u2013 sei es telefonisch, schriftlich oder elektronisch \u2013 erkl\u00e4rt der Kunde verbindlich sein Vertragsangebot. Den Zugang dieser Bestellung im Internet wird \u201eWaSt-TRADING e.U.\u201c dem Kunden gegen\u00fcber unverz\u00fcglich best\u00e4tigen. Insoweit handelt es sich jedoch nicht um die Annahme der Bestellung; diese kann aber mit der Annahmeerkl\u00e4rung verbunden werden.<br>2.3 Bestellung eines oder mehreren Musters \u2013 sei es telefonisch, schriftlich oder elektronisch \u2013 erkl\u00e4rt der Unternehmer verbindlich sein Vertragsangebot. Den Zugang dieser Bestellung im Internet wird \u201eWaSt-TRADING e.U.\u201c dem Kunden gegen\u00fcber unverz\u00fcglich best\u00e4tigen. Insoweit handelt es sich jedoch nicht um die Annahme der Bestellung; diese kann aber mit der Annahmeerkl\u00e4rung verbunden werden. Musterbestellungen zu Ansichtszwecken sind kostenpflichtig und k\u00f6nnen nicht an \u201eWaSt-TRADING e.U.\u201c retourniert und wieder eingelagert werden)<br>2.4 \u201eWaSt-TRADING e.U.\u201c ist berechtigt, das Vertragsangebot des Kunden innerhalb von drei Werktagen nach dessen Eingang anzunehmen. Die Annahme kann entweder durch ausdr\u00fcckliche Mitteilung oder mit Auslieferung der Ware erkl\u00e4rt werden.<br>2.5 \u201eWaSt-TRADING e.U.\u201c \u00fcbernimmt kein Beschaffungsrisiko und beh\u00e4lt sich vor, sich im Fall nicht richtiger oder nicht ordnungsgem\u00e4\u00dfer Selbstbelieferung durch Zulieferer von der Verpflichtung zur Erf\u00fcllung des Vertrags zu l\u00f6sen. Die Verantwortlichkeit von \u201eWaSt-TRADING e.U.\u201c f\u00fcr Vorsatz oder Fahrl\u00e4ssigkeit nach Ma\u00dfgabe der Haftungsregelungen dieser AGB gem\u00e4\u00df \u00a7 11 bleibt hiervon unber\u00fchrt. Im Fall der Nichtverf\u00fcgbarkeit oder der nur teilweisen Verf\u00fcgbarkeit der Leistung wird \u201eWaSt-TRADING e.U.\u201c den Kunden unverz\u00fcglich informieren; im Fall des R\u00fccktritts wird die Gegenleistung unverz\u00fcglich an den Kunden zur\u00fcckerstattet.<\/p>\n\n\n\n<h3 class=\"wp-block-heading\">\u00a7 3 R\u00fccktrittsbelehrung<\/h3>\n\n\n\n<p>Verbrauchern steht nach den Vorschriften des Fernabsatzrechts in Bezug auf gekaufte Waren ein R\u00fccktrittsrecht nach Ma\u00dfgabe der folgenden Belehrung zu:<br><strong>R\u00fccktrittsrecht<\/strong> Verbraucher k\u00f6nnen ihre Vertragserkl\u00e4rung innerhalb von 14 Tagen ohne Angabe von Gr\u00fcnden in Textform (z.B. Brief, Fax, E-Mail) oder \u2013 wenn ihnen die Sache vor Fristablauf \u00fcberlassen wird \u2013 durch R\u00fccksendung der Sache widerrufen. Die Frist beginnt nach Erhalt dieser Belehrung in Textform, jedoch nicht vor Eingang der Ware beim Verbraucher (bei der wiederkehrenden Lieferung gleichartiger Waren nicht vor dem Eingang der ersten Teillieferung) und auch nicht vor Erf\u00fcllung der Informationspflichten. Zur Wahrung der R\u00fccktrittsfrist gen\u00fcgt die rechtzeitige Absendung des R\u00fccktritts oder der Sache. Der R\u00fccktritt ist zu richten an: <strong>WaSt-TRADING e.U.<\/strong> Birkfelderstra\u00dfe 65, 8160 Weiz E-Mail: <a href=\"mailto:%69%6E%66%6F%40%6B%75%6C%74%73%68%69%72%74%2E%61%74\">o<\/a>ffice@wast-stick.at<\/p>\n\n\n\n<h3 class=\"wp-block-heading\">R\u00fccktrittsfolgen<\/h3>\n\n\n\n<p>Im Falle eines wirksamen R\u00fccktritts sind die beiderseits empfangenen Leistungen zur\u00fcckzugew\u00e4hren und ggf. gezogene Nutzungen (z.B. Zinsen) herauszugeben. Kann der Verbraucher die empfangene Leistung ganz oder teilweise nicht oder nur in verschlechtertem Zustand zur\u00fcckgew\u00e4hren, muss er uns insoweit ggf. Wertersatz leisten. Bei der \u00dcberlassung von Sachen gilt dies nicht, wenn die Verschlechterung der Sache ausschlie\u00dflich auf deren Pr\u00fcfung \u2013 wie sie dem Verbraucher etwa im Ladengesch\u00e4ft m\u00f6glich gewesen w\u00e4re \u2013 zur\u00fcckzuf\u00fchren ist. Im \u00dcbrigen kann der Verbraucher die Pflicht zum Wertersatz f\u00fcr eine durch die bestimmungsgem\u00e4\u00dfe Ingebrauchnahme der Sache entstandene Verschlechterung vermeiden, indem der Verbraucher die Sache nicht wie sein Eigentum in Gebrauch nimmt und alles unterl\u00e4sst, was deren Wert beeintr\u00e4chtigt. Paketversandf\u00e4hige Sachen sind auf unsere Gefahr zur\u00fcckzusenden. <strong>Verbraucher haben die Kosten der R\u00fccksendung zu tragen, wenn die gelieferte Ware der bestellten entspricht<\/strong> und wenn der Preis der zur\u00fcckzusendenden Sache einen Betrag von 50,- Euro nicht \u00fcbersteigt oder wenn der Verbraucher bei einem h\u00f6heren Preis der Sache zum Zeitpunkt des R\u00fccktritts noch nicht die Gegenleistung oder eine vertraglich vereinbarte Teilzahlung erbracht hat. Anderenfalls ist die R\u00fccksendung f\u00fcr den Verbraucher kostenfrei. Nicht paketversandf\u00e4hige Sachen werden beim Verbraucher abgeholt. Verpflichtungen zur Erstattung von Zahlungen m\u00fcssen innerhalb von 30 Tagen erf\u00fcllt werden. Die Frist beginnt f\u00fcr den Verbraucher mit der Absendung seiner R\u00fccktrittserkl\u00e4rung oder der Sache, f\u00fcr uns mit deren Empfang. Das R\u00fccktrittsrecht besteht unter anderem nicht bei Vertr\u00e4gen zur Lieferung von Waren, die nach Kundenspezifikation angefertigt werden oder eindeutig auf die pers\u00f6nlichen Bed\u00fcrfnisse zugeschnitten sind. <em>Ende der R\u00fccktrittsbelehrung<\/em><\/p>\n\n\n\n<h3 class=\"wp-block-heading\">\u00a7 4 Preise, Liefer- und Versandkosten<\/h3>\n\n\n\n<p>4.1 Die innerhalb des Online-Shops aufgef\u00fchrten Preise stellen Endpreise dar. Sie beinhalten demzufolge alle Preisbestandteile einschlie\u00dflich etwaig anfallender Steuern; jedoch k\u00f6nnen bei grenz\u00fcberschreitender Lieferung im Einzelfall weitere Steuern (z.B. im Falle eines innergemeinschaftlichen Erwerbs) und \/ oder Abgaben (z.B. Z\u00f6lle) vom Kunden zu zahlen sein.<br>4.2 Die anfallenden Liefer- und Versandkosten sind nicht im Kaufpreis enthalten. Es fallen daher bei der Versendung der Waren sowohl im Inland als auch ins Ausland grunds\u00e4tzlich Versand- sowie Bearbeitungs- \/ Verpackungskosten an, die der K\u00e4ufer ebenfalls zu tragen hat und die sich nach der jeweiligen konkreten Artikelbeschreibung und den darin gemachten Angaben zum Versand richten oder aber es werden n\u00e4here Einzelheiten zur Berechnung dieser durch den Online-Shop angegeben. 4.3 Die Versandkosten je Auftrag beziehen sich grunds\u00e4tzlich soweit nichts anderes vereinbart auf eine Lieferung. Gegebenenfalls k\u00f6nnen auch Teillieferungen gegen Mehrpreis erfolgen.<\/p>\n\n\n\n<h3 class=\"wp-block-heading\">\u00a7 5 Zahlungsbedingungen<\/h3>\n\n\n\n<p>5.1 Es stehen dem Kunden \u2013 soweit nichts anderes vereinbart ist \u2013 die innerhalb des Online- Shops genannten Zahlungsm\u00f6glichkeiten zur Verf\u00fcgung, u.a. Zahlung per Bank\u00fcberweisung, Kreditkarte, Paypal oder per Nachnahme (Hinweis: Die Zahlung per Nachnahme ist nur bei Lieferung innerhalb von \u00d6sterreich m\u00f6glich. Hier entstehen Zusatzkosten in H\u00f6he von 6,66 Euro. Diese werden in der Auftragsbest\u00e4tigung gesondert ausgewiesen). 5.1.1 Bei der Zahlart auf Rechnung (nicht f\u00fcr Privatkunden nutzbar) kann \u201eWaSt-TRADING e.U.\u201c ohne ausdr\u00fcckliche Einwilligung eine Bonit\u00e4tspr\u00fcfung vornehmen, soweit dies zur Wahrung berechtigter Interessen f\u00fcr \u201eWaSt-TRADING e.U.\u201c erforderlich ist und dadurch schutzw\u00fcrdige Belange des Kunden nicht beeintr\u00e4chtigt werden. 5.2 Der Kunde hat sp\u00e4testens 8 Tage nach Erhalt der Zahlungsaufforderung den Kaufpreis zzgl. etwaiger Liefer- und Versandkosten zu zahlen; ma\u00dfgeblich ist der Eingang des Betrags bei \u201eWaSt-TRADING e.U.\u201c. Nach erfolglosem Ablauf der Frist kommt der Kunde ohne weitere Erkl\u00e4rung seitens des Verk\u00e4ufers in Zahlungsverzug.<br>5.2.1 Ein Verbraucher hat die Geldschuld w\u00e4hrend des Verzugs in H\u00f6he von 4%- Punkten zu verzinsen. Sofern der Kunde Unternehmer ist, wird \u201eWaSt-TRADING e.U.\u201c Verzugszinsen in H\u00f6he von 8%-Punkten \u00fcber dem Basiszinssatz verlangen.<br>5.2.2 Das Recht, einen nachweisbar entstandenen h\u00f6heren Verzugsschaden geltend zu machen, bleibt \u201eWaSt-TRADING e.U.\u201c vorbehalten.<\/p>\n\n\n\n<h3 class=\"wp-block-heading\">\u00a7 6 Zur\u00fcckbehaltungsrecht<\/h3>\n\n\n\n<p>Dem Kunden steht kein wie immer geartetes Zur\u00fcckbehaltungsrecht zu.<\/p>\n\n\n\n<h3 class=\"wp-block-heading\">\u00a7 7 Liefer- und Versandbedingungen<\/h3>\n\n\n\n<p>7.1.1 Die Lieferung der Ware erfolgt \u2013 wenn nicht im Einzelfall etwas anderes vereinbart ist \u2013 gegen Vorauskasse und auf dem Versandwege. Der Versand der Ware wird sp\u00e4testens sieben Werktagen nach Wareneingang am Lager \u201eWaSt-TRADING e.U.\u201c und nach Gutschrift des vom Kunden zu zahlenden Kaufpreises zzgl. anfallender Versandkosten durch \u201eWaSt-TRADING e.U.\u201c erfolgen.<br>7.2.1 Ist der Kunde Unternehmer, geht die Gefahr des zuf\u00e4lligen Untergangs und der zuf\u00e4lligen Verschlechterung der Ware auf ihn \u00fcber, sobald die Sendung an die f\u00fcr den Transport ausf\u00fchrende Person \u00fcbergeben worden ist.<br>7.2.2 Bei Verbrauchern geht die Gefahr des zuf\u00e4lligen Untergangs und der zuf\u00e4lligen Verschlechterung der Ware beim Versendungskauf mit der \u00dcbergabe der Kaufsache an den Verbraucher auf diesen \u00fcber.<br>7.2.3 Hinsichtlich der Gefahrtragung steht es der \u00dcbergabe gleich, falls der Kunde in Annahmeverzug ger\u00e4t.<br>7.3 Der Kunde versichert, die richtige und vollst\u00e4ndige Lieferanschrift bei seiner Bestellung angegeben zu haben. Sollte es aufgrund fehlerhafter Adressdaten zu zus\u00e4tzlichen Kosten bei der Versendung kommen \u2013 etwa erneut anfallende Versandkosten -, so hat der Kunde diese zu ersetzen. 7.4 \u201eWaSt-TRADING e.U.\u201c ist berechtigt, f\u00fcr nicht abgeholte Pakete sowie Vollretouren einmalig pro Bestellung \u20ac 6,95 (Versandkosten \u20ac 5,95 + \u20ac 1,00 Bearbeitungsgeb\u00fchr) in Rechnung zu stellen. 7.5 Adress\u00e4nderungen m\u00fcssen von Kunden sofort bekannt gegeben werden, ansonsten ist \u201eWaSt-TRADING e.U.\u201c berechtigt, Erhebungsspesen von 25 \u20ac pro Erhebung zu verrechnen.<\/p>\n\n\n\n<h3 class=\"wp-block-heading\">\u00a7 8 Eigentumsvorbehalt<\/h3>\n\n\n\n<p>\u201eWaSt-TRADING e.U.\u201c beh\u00e4lt sich das Eigentum an der Ware bis zur vollst\u00e4ndigen Zahlung vor. Sofern der Kunde Unternehmer sein sollte, beh\u00e4lt sich \u201eWaSt-TRADING e.U.\u201c das Eigentum an der Ware bis zur Erf\u00fcllung s\u00e4mtlicher ihm gegen den K\u00e4ufer aus der Gesch\u00e4ftsverbindung zustehenden Anspr\u00fcche vor.<\/p>\n\n\n\n<h3 class=\"wp-block-heading\">\u00a7 9 Gew\u00e4hrleistung<\/h3>\n\n\n\n<p>9.1.1 Der Kunde, der Verbraucher ist, hat zun\u00e4chst einen Anspruch auf Nacherf\u00fcllung, soweit ein Mangel an der Ware vorliegt. Der Verbraucher kann insoweit zwischen der Beseitigung des Mangels oder der Lieferung einer mangelfreien Sache w\u00e4hlen. \u201eWaSt-TRADING e.U.\u201c ist zur Verweigerung der gew\u00e4hlten Art der Nacherf\u00fcllung berechtigt, wenn diese nur zu unverh\u00e4ltnism\u00e4\u00dfigen Kosten m\u00f6glich ist.<br>9.1.2 Ist die Nacherf\u00fcllung fehlgeschlagen, so kann der Kunde, der Verbraucher ist, den gesetzlichen Vorschriften entsprechend nach seiner Wahl Herabsetzung des Kaufpreises (Minderung) verlangen, den R\u00fccktritt vom Vertrag erkl\u00e4ren, Schadensersatz oder Ersatz vergeblicher Aufwendungen verlangen.<br>9.2.1 Sofern der Kunde Unternehmer ist, muss er innerhalb von 14 Tagen ab Empfang der Ware offensichtliche M\u00e4ngel der Ware \u201eWaSt-TRADING e.U.\u201c anzeigen, andernfalls sind Gew\u00e4hrleistungsanspr\u00fcche ausgeschlossen. Eine M\u00e4ngelanzeige hat in Textform zu erfolgen, ist also z.B. per Brief, Fax oder E Mail an \u201eWaSt-TRADING e.U.\u201c zu richten. Zur Wahrung der Frist gen\u00fcgt die rechtzeitige Absendung der M\u00e4ngelanzeige.<br>9.2.2 Sofern dem Kunden, der Unternehmer ist, Gew\u00e4hrleistungsanspr\u00fcche zustehen sollten, kann die Nacherf\u00fcllung nach Wahl von \u201eWaSt-TRADING e.U.\u201c durch Beseitigung des Mangels oder durch die Lieferung neuer Ware erfolgen.<br>9.3.1 Die Verj\u00e4hrungsfrist f\u00fcr die Rechte eines Verbrauchers bei M\u00e4ngeln an einer neuen Sache betr\u00e4gt zwei Jahre, f\u00fcr die Rechte eines Unternehmers ein Jahr jeweils ab Ablieferung der Ware. 9.3.2 Gew\u00e4hrleistungsanspr\u00fcche des Unternehmers hinsichtlich gebrauchter Sachen bestehen nicht; das gilt auch f\u00fcr M\u00e4ngel, die nach Vertragsschluss aber vor Gefahr\u00fcbergang entstanden sind.<\/p>\n\n\n\n<h3 class=\"wp-block-heading\">\u00a7 10 Schlussbestimmungen<\/h3>\n\n\n\n<p>10.1 Die Beziehungen zwischen den Vertragsparteien regeln sich nach dem in \u00d6sterreich geltenden Recht. Bei Kunden, die Vertr\u00e4ge \u00fcber die Lieferung beweglicher Sachen zu einem Zweck abschlie\u00dfen, der nicht der beruflichen oder gewerblichen T\u00e4tigkeit des Verbrauchers zugerechnet werden kann, gilt diese Rechtswahl nur insoweit, als nicht der gew\u00e4hrte Schutz durch zwingende Bestimmungen des Rechts des Staates, in dem der Verbraucher seinen gew\u00f6hnlichen Aufenthalt hat, entzogen wird.<br>10.2 Die Bestimmungen des \u00dcbereinkommens der Vereinten Nationen \u00fcber Vertr\u00e4ge \u00fcber den internationalen Warenkauf (UN-Kaufrecht) finden keine Anwendung.<br>10.3 Erf\u00fcllungsort und Gerichtstand f\u00fcr alle im Zusammenhang mit der Gesch\u00e4ftsverbindung sich ergebenden Streitigkeiten ist Graz. Ist der Kunde Kaufmann, eine juristische Person des \u00f6ffentlichen Rechts oder \u00f6ffentlich rechtliches Sonderverm\u00f6gen, so ist Erf\u00fcllungsort und Gerichtsstand f\u00fcr s\u00e4mtliche Streitigkeiten aus diesem Vertragsverh\u00e4ltnis der Gesch\u00e4ftssitz von \u201eWaSt-TRADING e.U.\u201c. Dasselbe gilt f\u00fcr den Fall, dass der Kunde, der Unternehmer ist, keinen allgemeinen Gerichtstand in \u00d6sterreich hat, oder f\u00fcr den Fall, dass der gew\u00f6hnliche Aufenthalt im Zeitpunkt der Klageerhebung nicht bekannt ist. Auch dann ist ausschlie\u00dflicher Gerichtsstand f\u00fcr alle Streitigkeiten aus diesem Vertrag der Gesch\u00e4ftssitz von \u201eWaSt-TRADING e.U.\u201c. Die Befugnis, das Gericht an einem anderen gesetzlichen Gerichtsstand anzurufen, bleibt davon unber\u00fchrt.<br>10.4 Eine Kontogutschrift oder Barabl\u00f6se von Gutscheinen ist nicht m\u00f6glich.<br>10.5 Der Kunde ist damit einverstanden, dass WaSt-TRADING e.U. ihn per Telefon oder per E-Mail \u00fcber Angebote unseres Hauses informiert.<br>10.6 Alle Bildrechte stehen im ausschlie\u00dflichen Eigentum von WaSt-TRADING e.U. oder seinen Partnern. Eine Verwendung ohne schriftliche Zustimmung von WaSt-TRADING e.U. ist nicht gestattet. F\u00fcr Verlinkungen von und zu anderen Webseiten \u00fcbernimmt WaSt-TRADING e.U. keine Gew\u00e4hr und ist f\u00fcr deren Inhalte nicht verantwortlich. Bei einer Verletzung von Bild- oder sonstigen Rechten von WaSt-TRADING e.U. durch den Kunden, verpflichtet sich der Kunde pro Versto\u00df einen pauschalierten Schadenersatzbetrag von \u20ac 3.000,00 zu bezahlen.<\/p>\n","protected":false},"excerpt":{"rendered":"<p>Allgemeine Gesch\u00e4ftsbedingungen 1.1 Die Fa. WaSt-TRADING e.U. bietet Waren im Bereich Bekleidung an. Die Waren sind ausschlie\u00dflich neu.1.2 Die hier vorliegenden AGB [&hellip;]<\/p>\n","protected":false},"author":1,"featured_media":0,"parent":0,"menu_order":0,"comment_status":"closed","ping_status":"closed","template":"","meta":{"footnotes":""},"class_list":["post-31","page","type-page","status-publish","hentry"],"yoast_head":"<!-- This site is optimized with the Yoast SEO plugin v27.4 - https:\/\/yoast.com\/product\/yoast-seo-wordpress\/ -->\n<title>AGB - WaSt-STICK<\/title>\n<meta name=\"robots\" content=\"index, follow, max-snippet:-1, max-image-preview:large, max-video-preview:-1\" \/>\n<link rel=\"canonical\" href=\"https:\/\/wast-stick.at\/index.php\/agb\/\" \/>\n<meta property=\"og:locale\" content=\"de_DE\" \/>\n<meta property=\"og:type\" content=\"article\" \/>\n<meta property=\"og:title\" content=\"AGB - WaSt-STICK\" \/>\n<meta property=\"og:description\" content=\"Allgemeine Gesch\u00e4ftsbedingungen 1.1 Die Fa. WaSt-TRADING e.U. bietet Waren im Bereich Bekleidung an. Die Waren sind ausschlie\u00dflich neu.1.2 Die hier vorliegenden AGB [&hellip;]\" \/>\n<meta property=\"og:url\" content=\"https:\/\/wast-stick.at\/index.php\/agb\/\" \/>\n<meta property=\"og:site_name\" content=\"WaSt-STICK\" \/>\n<meta property=\"article:modified_time\" content=\"2024-05-14T16:46:49+00:00\" \/>\n<meta name=\"twitter:card\" content=\"summary_large_image\" \/>\n<meta name=\"twitter:label1\" content=\"Gesch\u00e4tzte Lesezeit\" \/>\n\t<meta name=\"twitter:data1\" content=\"11\u00a0Minuten\" \/>\n<script type=\"application\/ld+json\" class=\"yoast-schema-graph\">{\"@context\":\"https:\\\/\\\/schema.org\",\"@graph\":[{\"@type\":\"WebPage\",\"@id\":\"https:\\\/\\\/wast-stick.at\\\/index.php\\\/agb\\\/\",\"url\":\"https:\\\/\\\/wast-stick.at\\\/index.php\\\/agb\\\/\",\"name\":\"AGB - WaSt-STICK\",\"isPartOf\":{\"@id\":\"https:\\\/\\\/wast-stick.at\\\/#website\"},\"datePublished\":\"2020-06-29T13:36:29+00:00\",\"dateModified\":\"2024-05-14T16:46:49+00:00\",\"breadcrumb\":{\"@id\":\"https:\\\/\\\/wast-stick.at\\\/index.php\\\/agb\\\/#breadcrumb\"},\"inLanguage\":\"de\",\"potentialAction\":[{\"@type\":\"ReadAction\",\"target\":[\"https:\\\/\\\/wast-stick.at\\\/index.php\\\/agb\\\/\"]}]},{\"@type\":\"BreadcrumbList\",\"@id\":\"https:\\\/\\\/wast-stick.at\\\/index.php\\\/agb\\\/#breadcrumb\",\"itemListElement\":[{\"@type\":\"ListItem\",\"position\":1,\"name\":\"Home\",\"item\":\"https:\\\/\\\/wast-stick.at\\\/\"},{\"@type\":\"ListItem\",\"position\":2,\"name\":\"AGB\"}]},{\"@type\":\"WebSite\",\"@id\":\"https:\\\/\\\/wast-stick.at\\\/#website\",\"url\":\"https:\\\/\\\/wast-stick.at\\\/\",\"name\":\"WaSt-STICK\",\"description\":\"Textildruck - Stick - Werbetechnik\",\"potentialAction\":[{\"@type\":\"SearchAction\",\"target\":{\"@type\":\"EntryPoint\",\"urlTemplate\":\"https:\\\/\\\/wast-stick.at\\\/?s={search_term_string}\"},\"query-input\":{\"@type\":\"PropertyValueSpecification\",\"valueRequired\":true,\"valueName\":\"search_term_string\"}}],\"inLanguage\":\"de\"}]}<\/script>\n<!-- \/ Yoast SEO plugin. -->","yoast_head_json":{"title":"AGB - WaSt-STICK","robots":{"index":"index","follow":"follow","max-snippet":"max-snippet:-1","max-image-preview":"max-image-preview:large","max-video-preview":"max-video-preview:-1"},"canonical":"https:\/\/wast-stick.at\/index.php\/agb\/","og_locale":"de_DE","og_type":"article","og_title":"AGB - WaSt-STICK","og_description":"Allgemeine Gesch\u00e4ftsbedingungen 1.1 Die Fa. WaSt-TRADING e.U. bietet Waren im Bereich Bekleidung an. Die Waren sind ausschlie\u00dflich neu.1.2 Die hier vorliegenden AGB [&hellip;]","og_url":"https:\/\/wast-stick.at\/index.php\/agb\/","og_site_name":"WaSt-STICK","article_modified_time":"2024-05-14T16:46:49+00:00","twitter_card":"summary_large_image","twitter_misc":{"Gesch\u00e4tzte Lesezeit":"11\u00a0Minuten"},"schema":{"@context":"https:\/\/schema.org","@graph":[{"@type":"WebPage","@id":"https:\/\/wast-stick.at\/index.php\/agb\/","url":"https:\/\/wast-stick.at\/index.php\/agb\/","name":"AGB - WaSt-STICK","isPartOf":{"@id":"https:\/\/wast-stick.at\/#website"},"datePublished":"2020-06-29T13:36:29+00:00","dateModified":"2024-05-14T16:46:49+00:00","breadcrumb":{"@id":"https:\/\/wast-stick.at\/index.php\/agb\/#breadcrumb"},"inLanguage":"de","potentialAction":[{"@type":"ReadAction","target":["https:\/\/wast-stick.at\/index.php\/agb\/"]}]},{"@type":"BreadcrumbList","@id":"https:\/\/wast-stick.at\/index.php\/agb\/#breadcrumb","itemListElement":[{"@type":"ListItem","position":1,"name":"Home","item":"https:\/\/wast-stick.at\/"},{"@type":"ListItem","position":2,"name":"AGB"}]},{"@type":"WebSite","@id":"https:\/\/wast-stick.at\/#website","url":"https:\/\/wast-stick.at\/","name":"WaSt-STICK","description":"Textildruck - Stick - Werbetechnik","potentialAction":[{"@type":"SearchAction","target":{"@type":"EntryPoint","urlTemplate":"https:\/\/wast-stick.at\/?s={search_term_string}"},"query-input":{"@type":"PropertyValueSpecification","valueRequired":true,"valueName":"search_term_string"}}],"inLanguage":"de"}]}},"jetpack_sharing_enabled":true,"_links":{"self":[{"href":"https:\/\/wast-stick.at\/index.php\/wp-json\/wp\/v2\/pages\/31","targetHints":{"allow":["GET"]}}],"collection":[{"href":"https:\/\/wast-stick.at\/index.php\/wp-json\/wp\/v2\/pages"}],"about":[{"href":"https:\/\/wast-stick.at\/index.php\/wp-json\/wp\/v2\/types\/page"}],"author":[{"embeddable":true,"href":"https:\/\/wast-stick.at\/index.php\/wp-json\/wp\/v2\/users\/1"}],"replies":[{"embeddable":true,"href":"https:\/\/wast-stick.at\/index.php\/wp-json\/wp\/v2\/comments?post=31"}],"version-history":[{"count":3,"href":"https:\/\/wast-stick.at\/index.php\/wp-json\/wp\/v2\/pages\/31\/revisions"}],"predecessor-version":[{"id":347,"href":"https:\/\/wast-stick.at\/index.php\/wp-json\/wp\/v2\/pages\/31\/revisions\/347"}],"wp:attachment":[{"href":"https:\/\/wast-stick.at\/index.php\/wp-json\/wp\/v2\/media?parent=31"}],"curies":[{"name":"wp","href":"https:\/\/api.w.org\/{rel}","templated":true}]}}