{"id":21,"date":"2020-06-29T13:30:30","date_gmt":"2020-06-29T13:30:30","guid":{"rendered":"https:\/\/wast-stick.at\/?page_id=21"},"modified":"2025-03-08T20:55:04","modified_gmt":"2025-03-08T20:55:04","slug":"sublimation-hochwertiger-druck-fuer-t-shirts-werbeartikel-wast-stick","status":"publish","type":"page","link":"https:\/\/wast-stick.at\/index.php\/sublimation-hochwertiger-druck-fuer-t-shirts-werbeartikel-wast-stick\/","title":{"rendered":"Sublimation"},"content":{"rendered":"\n<p><strong>Sublimation \u2013 kosteng\u00fcnstig und gleichzeitig langlebig<\/strong><br>Beim Sublimationsdruck handelt es sich um ein Druckverfahren, bei dem der Farbstoff in den Tr\u00e4gerstoff eingedampft wird. Hierf\u00fcr werden bestimmte Transferpapiere &amp; Folien verwendet. Perfekt f\u00fcr Geschenke wie bedruckte Tassen, Schilder\u2026<\/p>\n\n\n\n<figure class=\"wp-block-gallery has-nested-images columns-default is-cropped wp-block-gallery-1 is-layout-flex wp-block-gallery-is-layout-flex\">\n<figure class=\"wp-block-image size-large\"><img loading=\"lazy\" decoding=\"async\" width=\"768\" height=\"1024\" data-id=\"74\" src=\"https:\/\/wast-stick.at\/wp-content\/uploads\/2020\/06\/20180726_142105_resized-768x1024.jpg\" alt=\"\" class=\"wp-image-74\" srcset=\"https:\/\/wast-stick.at\/wp-content\/uploads\/2020\/06\/20180726_142105_resized-768x1024.jpg 768w, https:\/\/wast-stick.at\/wp-content\/uploads\/2020\/06\/20180726_142105_resized-225x300.jpg 225w, https:\/\/wast-stick.at\/wp-content\/uploads\/2020\/06\/20180726_142105_resized-1152x1536.jpg 1152w, https:\/\/wast-stick.at\/wp-content\/uploads\/2020\/06\/20180726_142105_resized-830x1107.jpg 830w, https:\/\/wast-stick.at\/wp-content\/uploads\/2020\/06\/20180726_142105_resized-230x307.jpg 230w, https:\/\/wast-stick.at\/wp-content\/uploads\/2020\/06\/20180726_142105_resized-350x467.jpg 350w, https:\/\/wast-stick.at\/wp-content\/uploads\/2020\/06\/20180726_142105_resized-480x640.jpg 480w, https:\/\/wast-stick.at\/wp-content\/uploads\/2020\/06\/20180726_142105_resized.jpg 1512w\" sizes=\"auto, (max-width: 768px) 100vw, 768px\" \/><\/figure>\n\n\n\n<figure class=\"wp-block-image size-large\"><img loading=\"lazy\" decoding=\"async\" width=\"768\" height=\"1024\" data-id=\"75\" src=\"https:\/\/wast-stick.at\/wp-content\/uploads\/2020\/06\/20180704_185030_resized-768x1024.jpg\" alt=\"\" class=\"wp-image-75\" srcset=\"https:\/\/wast-stick.at\/wp-content\/uploads\/2020\/06\/20180704_185030_resized-768x1024.jpg 768w, https:\/\/wast-stick.at\/wp-content\/uploads\/2020\/06\/20180704_185030_resized-225x300.jpg 225w, https:\/\/wast-stick.at\/wp-content\/uploads\/2020\/06\/20180704_185030_resized-1152x1536.jpg 1152w, https:\/\/wast-stick.at\/wp-content\/uploads\/2020\/06\/20180704_185030_resized-830x1107.jpg 830w, https:\/\/wast-stick.at\/wp-content\/uploads\/2020\/06\/20180704_185030_resized-230x307.jpg 230w, https:\/\/wast-stick.at\/wp-content\/uploads\/2020\/06\/20180704_185030_resized-350x467.jpg 350w, https:\/\/wast-stick.at\/wp-content\/uploads\/2020\/06\/20180704_185030_resized-480x640.jpg 480w, https:\/\/wast-stick.at\/wp-content\/uploads\/2020\/06\/20180704_185030_resized.jpg 1512w\" sizes=\"auto, (max-width: 768px) 100vw, 768px\" \/><\/figure>\n<\/figure>\n","protected":false},"excerpt":{"rendered":"<p>Sublimation \u2013 kosteng\u00fcnstig und gleichzeitig langlebigBeim Sublimationsdruck handelt es sich um ein Druckverfahren, bei dem der Farbstoff in den Tr\u00e4gerstoff eingedampft wird. [&hellip;]<\/p>\n","protected":false},"author":1,"featured_media":0,"parent":0,"menu_order":0,"comment_status":"closed","ping_status":"closed","template":"","meta":{"footnotes":""},"class_list":["post-21","page","type-page","status-publish","hentry"],"yoast_head":"<!-- This site is optimized with the Yoast SEO plugin v27.4 - https:\/\/yoast.com\/product\/yoast-seo-wordpress\/ -->\n<title>Sublimationsdruck \u2013 Fotorealistische Textildrucke ohne Verblassen | WaSt-Stick<\/title>\n<meta name=\"description\" content=\"Sublimationsdruck f\u00fcr langlebige, brillante Designs! Ideal f\u00fcr T-Shirts, Sportkleidung &amp; Werbeartikel. Farbe verbindet sich direkt mit dem Gewebe!\" \/>\n<meta name=\"robots\" content=\"index, follow, max-snippet:-1, max-image-preview:large, max-video-preview:-1\" \/>\n<link rel=\"canonical\" href=\"https:\/\/wast-stick.at\/index.php\/sublimation-hochwertiger-druck-fuer-t-shirts-werbeartikel-wast-stick\/\" \/>\n<meta property=\"og:locale\" content=\"de_DE\" \/>\n<meta property=\"og:type\" content=\"article\" \/>\n<meta property=\"og:title\" content=\"Sublimationsdruck \u2013 Fotorealistische Textildrucke ohne Verblassen | WaSt-Stick\" \/>\n<meta property=\"og:description\" content=\"Sublimationsdruck f\u00fcr langlebige, brillante Designs! Ideal f\u00fcr T-Shirts, Sportkleidung &amp; Werbeartikel. Farbe verbindet sich direkt mit dem Gewebe!\" \/>\n<meta property=\"og:url\" content=\"https:\/\/wast-stick.at\/index.php\/sublimation-hochwertiger-druck-fuer-t-shirts-werbeartikel-wast-stick\/\" \/>\n<meta property=\"og:site_name\" content=\"WaSt-STICK\" \/>\n<meta property=\"article:modified_time\" content=\"2025-03-08T20:55:04+00:00\" \/>\n<meta property=\"og:image\" content=\"https:\/\/wast-stick.at\/wp-content\/uploads\/2020\/06\/20180726_142105_resized.jpg\" \/>\n\t<meta property=\"og:image:width\" content=\"1512\" \/>\n\t<meta property=\"og:image:height\" content=\"2016\" \/>\n\t<meta property=\"og:image:type\" content=\"image\/jpeg\" \/>\n<meta name=\"twitter:card\" content=\"summary_large_image\" \/>\n<meta name=\"twitter:label1\" content=\"Gesch\u00e4tzte Lesezeit\" \/>\n\t<meta name=\"twitter:data1\" content=\"1\u00a0Minute\" \/>\n<script type=\"application\/ld+json\" class=\"yoast-schema-graph\">{\"@context\":\"https:\\\/\\\/schema.org\",\"@graph\":[{\"@type\":\"WebPage\",\"@id\":\"https:\\\/\\\/wast-stick.at\\\/index.php\\\/sublimation-hochwertiger-druck-fuer-t-shirts-werbeartikel-wast-stick\\\/\",\"url\":\"https:\\\/\\\/wast-stick.at\\\/index.php\\\/sublimation-hochwertiger-druck-fuer-t-shirts-werbeartikel-wast-stick\\\/\",\"name\":\"Sublimationsdruck \u2013 Fotorealistische Textildrucke ohne Verblassen | WaSt-Stick\",\"isPartOf\":{\"@id\":\"https:\\\/\\\/wast-stick.at\\\/#website\"},\"primaryImageOfPage\":{\"@id\":\"https:\\\/\\\/wast-stick.at\\\/index.php\\\/sublimation-hochwertiger-druck-fuer-t-shirts-werbeartikel-wast-stick\\\/#primaryimage\"},\"image\":{\"@id\":\"https:\\\/\\\/wast-stick.at\\\/index.php\\\/sublimation-hochwertiger-druck-fuer-t-shirts-werbeartikel-wast-stick\\\/#primaryimage\"},\"thumbnailUrl\":\"https:\\\/\\\/wast-stick.at\\\/wp-content\\\/uploads\\\/2020\\\/06\\\/20180726_142105_resized-768x1024.jpg\",\"datePublished\":\"2020-06-29T13:30:30+00:00\",\"dateModified\":\"2025-03-08T20:55:04+00:00\",\"description\":\"Sublimationsdruck f\u00fcr langlebige, brillante Designs! Ideal f\u00fcr T-Shirts, Sportkleidung & Werbeartikel. Farbe verbindet sich direkt mit dem Gewebe!\",\"breadcrumb\":{\"@id\":\"https:\\\/\\\/wast-stick.at\\\/index.php\\\/sublimation-hochwertiger-druck-fuer-t-shirts-werbeartikel-wast-stick\\\/#breadcrumb\"},\"inLanguage\":\"de\",\"potentialAction\":[{\"@type\":\"ReadAction\",\"target\":[\"https:\\\/\\\/wast-stick.at\\\/index.php\\\/sublimation-hochwertiger-druck-fuer-t-shirts-werbeartikel-wast-stick\\\/\"]}]},{\"@type\":\"ImageObject\",\"inLanguage\":\"de\",\"@id\":\"https:\\\/\\\/wast-stick.at\\\/index.php\\\/sublimation-hochwertiger-druck-fuer-t-shirts-werbeartikel-wast-stick\\\/#primaryimage\",\"url\":\"https:\\\/\\\/wast-stick.at\\\/wp-content\\\/uploads\\\/2020\\\/06\\\/20180726_142105_resized.jpg\",\"contentUrl\":\"https:\\\/\\\/wast-stick.at\\\/wp-content\\\/uploads\\\/2020\\\/06\\\/20180726_142105_resized.jpg\",\"width\":1512,\"height\":2016},{\"@type\":\"BreadcrumbList\",\"@id\":\"https:\\\/\\\/wast-stick.at\\\/index.php\\\/sublimation-hochwertiger-druck-fuer-t-shirts-werbeartikel-wast-stick\\\/#breadcrumb\",\"itemListElement\":[{\"@type\":\"ListItem\",\"position\":1,\"name\":\"Home\",\"item\":\"https:\\\/\\\/wast-stick.at\\\/\"},{\"@type\":\"ListItem\",\"position\":2,\"name\":\"Sublimation\"}]},{\"@type\":\"WebSite\",\"@id\":\"https:\\\/\\\/wast-stick.at\\\/#website\",\"url\":\"https:\\\/\\\/wast-stick.at\\\/\",\"name\":\"WaSt-STICK\",\"description\":\"Textildruck - Stick - Werbetechnik\",\"potentialAction\":[{\"@type\":\"SearchAction\",\"target\":{\"@type\":\"EntryPoint\",\"urlTemplate\":\"https:\\\/\\\/wast-stick.at\\\/?s={search_term_string}\"},\"query-input\":{\"@type\":\"PropertyValueSpecification\",\"valueRequired\":true,\"valueName\":\"search_term_string\"}}],\"inLanguage\":\"de\"}]}<\/script>\n<!-- \/ Yoast SEO plugin. -->","yoast_head_json":{"title":"Sublimationsdruck \u2013 Fotorealistische Textildrucke ohne Verblassen | WaSt-Stick","description":"Sublimationsdruck f\u00fcr langlebige, brillante Designs! Ideal f\u00fcr T-Shirts, Sportkleidung & Werbeartikel. Farbe verbindet sich direkt mit dem Gewebe!","robots":{"index":"index","follow":"follow","max-snippet":"max-snippet:-1","max-image-preview":"max-image-preview:large","max-video-preview":"max-video-preview:-1"},"canonical":"https:\/\/wast-stick.at\/index.php\/sublimation-hochwertiger-druck-fuer-t-shirts-werbeartikel-wast-stick\/","og_locale":"de_DE","og_type":"article","og_title":"Sublimationsdruck \u2013 Fotorealistische Textildrucke ohne Verblassen | WaSt-Stick","og_description":"Sublimationsdruck f\u00fcr langlebige, brillante Designs! Ideal f\u00fcr T-Shirts, Sportkleidung & Werbeartikel. Farbe verbindet sich direkt mit dem Gewebe!","og_url":"https:\/\/wast-stick.at\/index.php\/sublimation-hochwertiger-druck-fuer-t-shirts-werbeartikel-wast-stick\/","og_site_name":"WaSt-STICK","article_modified_time":"2025-03-08T20:55:04+00:00","og_image":[{"width":1512,"height":2016,"url":"https:\/\/wast-stick.at\/wp-content\/uploads\/2020\/06\/20180726_142105_resized.jpg","type":"image\/jpeg"}],"twitter_card":"summary_large_image","twitter_misc":{"Gesch\u00e4tzte Lesezeit":"1\u00a0Minute"},"schema":{"@context":"https:\/\/schema.org","@graph":[{"@type":"WebPage","@id":"https:\/\/wast-stick.at\/index.php\/sublimation-hochwertiger-druck-fuer-t-shirts-werbeartikel-wast-stick\/","url":"https:\/\/wast-stick.at\/index.php\/sublimation-hochwertiger-druck-fuer-t-shirts-werbeartikel-wast-stick\/","name":"Sublimationsdruck \u2013 Fotorealistische Textildrucke ohne Verblassen | WaSt-Stick","isPartOf":{"@id":"https:\/\/wast-stick.at\/#website"},"primaryImageOfPage":{"@id":"https:\/\/wast-stick.at\/index.php\/sublimation-hochwertiger-druck-fuer-t-shirts-werbeartikel-wast-stick\/#primaryimage"},"image":{"@id":"https:\/\/wast-stick.at\/index.php\/sublimation-hochwertiger-druck-fuer-t-shirts-werbeartikel-wast-stick\/#primaryimage"},"thumbnailUrl":"https:\/\/wast-stick.at\/wp-content\/uploads\/2020\/06\/20180726_142105_resized-768x1024.jpg","datePublished":"2020-06-29T13:30:30+00:00","dateModified":"2025-03-08T20:55:04+00:00","description":"Sublimationsdruck f\u00fcr langlebige, brillante Designs! Ideal f\u00fcr T-Shirts, Sportkleidung & Werbeartikel. Farbe verbindet sich direkt mit dem Gewebe!","breadcrumb":{"@id":"https:\/\/wast-stick.at\/index.php\/sublimation-hochwertiger-druck-fuer-t-shirts-werbeartikel-wast-stick\/#breadcrumb"},"inLanguage":"de","potentialAction":[{"@type":"ReadAction","target":["https:\/\/wast-stick.at\/index.php\/sublimation-hochwertiger-druck-fuer-t-shirts-werbeartikel-wast-stick\/"]}]},{"@type":"ImageObject","inLanguage":"de","@id":"https:\/\/wast-stick.at\/index.php\/sublimation-hochwertiger-druck-fuer-t-shirts-werbeartikel-wast-stick\/#primaryimage","url":"https:\/\/wast-stick.at\/wp-content\/uploads\/2020\/06\/20180726_142105_resized.jpg","contentUrl":"https:\/\/wast-stick.at\/wp-content\/uploads\/2020\/06\/20180726_142105_resized.jpg","width":1512,"height":2016},{"@type":"BreadcrumbList","@id":"https:\/\/wast-stick.at\/index.php\/sublimation-hochwertiger-druck-fuer-t-shirts-werbeartikel-wast-stick\/#breadcrumb","itemListElement":[{"@type":"ListItem","position":1,"name":"Home","item":"https:\/\/wast-stick.at\/"},{"@type":"ListItem","position":2,"name":"Sublimation"}]},{"@type":"WebSite","@id":"https:\/\/wast-stick.at\/#website","url":"https:\/\/wast-stick.at\/","name":"WaSt-STICK","description":"Textildruck - Stick - Werbetechnik","potentialAction":[{"@type":"SearchAction","target":{"@type":"EntryPoint","urlTemplate":"https:\/\/wast-stick.at\/?s={search_term_string}"},"query-input":{"@type":"PropertyValueSpecification","valueRequired":true,"valueName":"search_term_string"}}],"inLanguage":"de"}]}},"jetpack_sharing_enabled":true,"_links":{"self":[{"href":"https:\/\/wast-stick.at\/index.php\/wp-json\/wp\/v2\/pages\/21","targetHints":{"allow":["GET"]}}],"collection":[{"href":"https:\/\/wast-stick.at\/index.php\/wp-json\/wp\/v2\/pages"}],"about":[{"href":"https:\/\/wast-stick.at\/index.php\/wp-json\/wp\/v2\/types\/page"}],"author":[{"embeddable":true,"href":"https:\/\/wast-stick.at\/index.php\/wp-json\/wp\/v2\/users\/1"}],"replies":[{"embeddable":true,"href":"https:\/\/wast-stick.at\/index.php\/wp-json\/wp\/v2\/comments?post=21"}],"version-history":[{"count":3,"href":"https:\/\/wast-stick.at\/index.php\/wp-json\/wp\/v2\/pages\/21\/revisions"}],"predecessor-version":[{"id":438,"href":"https:\/\/wast-stick.at\/index.php\/wp-json\/wp\/v2\/pages\/21\/revisions\/438"}],"wp:attachment":[{"href":"https:\/\/wast-stick.at\/index.php\/wp-json\/wp\/v2\/media?parent=21"}],"curies":[{"name":"wp","href":"https:\/\/api.w.org\/{rel}","templated":true}]}}