{"id":19,"date":"2020-06-29T13:30:12","date_gmt":"2020-06-29T13:30:12","guid":{"rendered":"https:\/\/wast-stick.at\/?page_id=19"},"modified":"2025-03-08T20:54:23","modified_gmt":"2025-03-08T20:54:23","slug":"dtf-transferdruck-hochwertiger-flexibler-textildruck-wast-stick","status":"publish","type":"page","link":"https:\/\/wast-stick.at\/index.php\/dtf-transferdruck-hochwertiger-flexibler-textildruck-wast-stick\/","title":{"rendered":"DTF-Transferdruck"},"content":{"rendered":"\n<p><strong>DTF-Transferdruck \u2013 Brillante Farben, Waschbest\u00e4ndig, Keine Siebkosten, Kosteng\u00fcnstig f\u00fcr Geringe St\u00fcckzahlen<\/strong><br>Entdecken Sie mit den neuen DTF-Druckverfahren eine Welt voller M\u00f6glichkeiten. Brillante CMYK-Farben verleihen Ihren Designs lebendige Intensit\u00e4t mit beeindruckende Waschbest\u00e4ndigkeit. Der Clou: Keine Film-\/ Siebkosten. Der DTF-Druck bietet kosteneffiziente Pr\u00e4zision, besonders bei geringen St\u00fcckzahlen im Vergleich. Lassen Sie Ihre Kreativit\u00e4t grenzenlos erbl\u00fchen<\/p>\n\n\n\n<figure class=\"wp-block-gallery has-nested-images columns-default is-cropped wp-block-gallery-1 is-layout-flex wp-block-gallery-is-layout-flex\">\n<figure class=\"wp-block-image size-large\"><img loading=\"lazy\" decoding=\"async\" width=\"768\" height=\"1024\" data-id=\"320\" src=\"https:\/\/wast-stick.at\/wp-content\/uploads\/2023\/12\/20230209_083407-1-768x1024.jpg\" alt=\"\" class=\"wp-image-320\" srcset=\"https:\/\/wast-stick.at\/wp-content\/uploads\/2023\/12\/20230209_083407-1-768x1024.jpg 768w, https:\/\/wast-stick.at\/wp-content\/uploads\/2023\/12\/20230209_083407-1-225x300.jpg 225w, https:\/\/wast-stick.at\/wp-content\/uploads\/2023\/12\/20230209_083407-1-1152x1536.jpg 1152w, https:\/\/wast-stick.at\/wp-content\/uploads\/2023\/12\/20230209_083407-1-1536x2048.jpg 1536w, https:\/\/wast-stick.at\/wp-content\/uploads\/2023\/12\/20230209_083407-1-1000x1333.jpg 1000w, https:\/\/wast-stick.at\/wp-content\/uploads\/2023\/12\/20230209_083407-1-230x307.jpg 230w, https:\/\/wast-stick.at\/wp-content\/uploads\/2023\/12\/20230209_083407-1-350x467.jpg 350w, https:\/\/wast-stick.at\/wp-content\/uploads\/2023\/12\/20230209_083407-1-480x640.jpg 480w, https:\/\/wast-stick.at\/wp-content\/uploads\/2023\/12\/20230209_083407-1-scaled.jpg 1920w\" sizes=\"auto, (max-width: 768px) 100vw, 768px\" \/><\/figure>\n\n\n\n<figure class=\"wp-block-image size-full\"><img loading=\"lazy\" decoding=\"async\" width=\"718\" height=\"957\" data-id=\"321\" src=\"https:\/\/wast-stick.at\/wp-content\/uploads\/2023\/12\/IMG_20230611_123109.jpg\" alt=\"\" class=\"wp-image-321\" srcset=\"https:\/\/wast-stick.at\/wp-content\/uploads\/2023\/12\/IMG_20230611_123109.jpg 718w, https:\/\/wast-stick.at\/wp-content\/uploads\/2023\/12\/IMG_20230611_123109-225x300.jpg 225w, https:\/\/wast-stick.at\/wp-content\/uploads\/2023\/12\/IMG_20230611_123109-230x307.jpg 230w, https:\/\/wast-stick.at\/wp-content\/uploads\/2023\/12\/IMG_20230611_123109-350x467.jpg 350w, https:\/\/wast-stick.at\/wp-content\/uploads\/2023\/12\/IMG_20230611_123109-480x640.jpg 480w\" sizes=\"auto, (max-width: 718px) 100vw, 718px\" \/><\/figure>\n<\/figure>\n\n\n\n<figure class=\"wp-block-gallery has-nested-images columns-default is-cropped wp-block-gallery-2 is-layout-flex wp-block-gallery-is-layout-flex\">\n<figure class=\"wp-block-image size-large\"><img loading=\"lazy\" decoding=\"async\" width=\"718\" height=\"957\" data-id=\"340\" src=\"https:\/\/wast-stick.at\/wp-content\/uploads\/2023\/12\/IMG_20230727_131218.jpg\" alt=\"\" class=\"wp-image-340\" srcset=\"https:\/\/wast-stick.at\/wp-content\/uploads\/2023\/12\/IMG_20230727_131218.jpg 718w, https:\/\/wast-stick.at\/wp-content\/uploads\/2023\/12\/IMG_20230727_131218-225x300.jpg 225w, https:\/\/wast-stick.at\/wp-content\/uploads\/2023\/12\/IMG_20230727_131218-230x307.jpg 230w, https:\/\/wast-stick.at\/wp-content\/uploads\/2023\/12\/IMG_20230727_131218-350x467.jpg 350w, https:\/\/wast-stick.at\/wp-content\/uploads\/2023\/12\/IMG_20230727_131218-480x640.jpg 480w\" sizes=\"auto, (max-width: 718px) 100vw, 718px\" \/><\/figure>\n\n\n\n<figure class=\"wp-block-image size-large\"><img loading=\"lazy\" decoding=\"async\" width=\"718\" height=\"957\" data-id=\"341\" src=\"https:\/\/wast-stick.at\/wp-content\/uploads\/2023\/12\/IMG_20231031_144019.jpg\" alt=\"\" class=\"wp-image-341\" srcset=\"https:\/\/wast-stick.at\/wp-content\/uploads\/2023\/12\/IMG_20231031_144019.jpg 718w, https:\/\/wast-stick.at\/wp-content\/uploads\/2023\/12\/IMG_20231031_144019-225x300.jpg 225w, https:\/\/wast-stick.at\/wp-content\/uploads\/2023\/12\/IMG_20231031_144019-230x307.jpg 230w, https:\/\/wast-stick.at\/wp-content\/uploads\/2023\/12\/IMG_20231031_144019-350x467.jpg 350w, https:\/\/wast-stick.at\/wp-content\/uploads\/2023\/12\/IMG_20231031_144019-480x640.jpg 480w\" sizes=\"auto, (max-width: 718px) 100vw, 718px\" \/><\/figure>\n<\/figure>\n","protected":false},"excerpt":{"rendered":"<p>DTF-Transferdruck \u2013 Brillante Farben, Waschbest\u00e4ndig, Keine Siebkosten, Kosteng\u00fcnstig f\u00fcr Geringe St\u00fcckzahlenEntdecken Sie mit den neuen DTF-Druckverfahren eine Welt voller M\u00f6glichkeiten. Brillante CMYK-Farben [&hellip;]<\/p>\n","protected":false},"author":1,"featured_media":0,"parent":0,"menu_order":0,"comment_status":"closed","ping_status":"closed","template":"","meta":{"footnotes":""},"class_list":["post-19","page","type-page","status-publish","hentry"],"yoast_head":"<!-- This site is optimized with the Yoast SEO plugin v27.4 - https:\/\/yoast.com\/product\/yoast-seo-wordpress\/ -->\n<title>DTF-Transferdruck \u2013 Perfekter Textildruck f\u00fcr leuchtende Farben | WaSt-Stick<\/title>\n<meta name=\"description\" content=\"DTF-Transferdruck f\u00fcr strahlende Farben &amp; hohe Haltbarkeit! Optimal f\u00fcr bunte Designs auf Baumwolle, Polyester &amp; Mischgewebe. Jetzt informieren!\" \/>\n<meta name=\"robots\" content=\"index, follow, max-snippet:-1, max-image-preview:large, max-video-preview:-1\" \/>\n<link rel=\"canonical\" href=\"https:\/\/wast-stick.at\/index.php\/dtf-transferdruck-hochwertiger-flexibler-textildruck-wast-stick\/\" \/>\n<meta property=\"og:locale\" content=\"de_DE\" \/>\n<meta property=\"og:type\" content=\"article\" \/>\n<meta property=\"og:title\" content=\"DTF-Transferdruck \u2013 Perfekter Textildruck f\u00fcr leuchtende Farben | WaSt-Stick\" \/>\n<meta property=\"og:description\" content=\"DTF-Transferdruck f\u00fcr strahlende Farben &amp; hohe Haltbarkeit! Optimal f\u00fcr bunte Designs auf Baumwolle, Polyester &amp; Mischgewebe. Jetzt informieren!\" \/>\n<meta property=\"og:url\" content=\"https:\/\/wast-stick.at\/index.php\/dtf-transferdruck-hochwertiger-flexibler-textildruck-wast-stick\/\" \/>\n<meta property=\"og:site_name\" content=\"WaSt-STICK\" \/>\n<meta property=\"article:modified_time\" content=\"2025-03-08T20:54:23+00:00\" \/>\n<meta property=\"og:image\" content=\"https:\/\/wast-stick.at\/wp-content\/uploads\/2023\/12\/20230209_083407-1-scaled.jpg\" \/>\n\t<meta property=\"og:image:width\" content=\"1920\" \/>\n\t<meta property=\"og:image:height\" content=\"2560\" \/>\n\t<meta property=\"og:image:type\" content=\"image\/jpeg\" \/>\n<meta name=\"twitter:card\" content=\"summary_large_image\" \/>\n<meta name=\"twitter:label1\" content=\"Gesch\u00e4tzte Lesezeit\" \/>\n\t<meta name=\"twitter:data1\" content=\"2\u00a0Minuten\" \/>\n<script type=\"application\/ld+json\" class=\"yoast-schema-graph\">{\"@context\":\"https:\\\/\\\/schema.org\",\"@graph\":[{\"@type\":\"WebPage\",\"@id\":\"https:\\\/\\\/wast-stick.at\\\/index.php\\\/dtf-transferdruck-hochwertiger-flexibler-textildruck-wast-stick\\\/\",\"url\":\"https:\\\/\\\/wast-stick.at\\\/index.php\\\/dtf-transferdruck-hochwertiger-flexibler-textildruck-wast-stick\\\/\",\"name\":\"DTF-Transferdruck \u2013 Perfekter Textildruck f\u00fcr leuchtende Farben | WaSt-Stick\",\"isPartOf\":{\"@id\":\"https:\\\/\\\/wast-stick.at\\\/#website\"},\"primaryImageOfPage\":{\"@id\":\"https:\\\/\\\/wast-stick.at\\\/index.php\\\/dtf-transferdruck-hochwertiger-flexibler-textildruck-wast-stick\\\/#primaryimage\"},\"image\":{\"@id\":\"https:\\\/\\\/wast-stick.at\\\/index.php\\\/dtf-transferdruck-hochwertiger-flexibler-textildruck-wast-stick\\\/#primaryimage\"},\"thumbnailUrl\":\"https:\\\/\\\/wast-stick.at\\\/wp-content\\\/uploads\\\/2023\\\/12\\\/20230209_083407-1-768x1024.jpg\",\"datePublished\":\"2020-06-29T13:30:12+00:00\",\"dateModified\":\"2025-03-08T20:54:23+00:00\",\"description\":\"DTF-Transferdruck f\u00fcr strahlende Farben & hohe Haltbarkeit! Optimal f\u00fcr bunte Designs auf Baumwolle, Polyester & Mischgewebe. Jetzt informieren!\",\"breadcrumb\":{\"@id\":\"https:\\\/\\\/wast-stick.at\\\/index.php\\\/dtf-transferdruck-hochwertiger-flexibler-textildruck-wast-stick\\\/#breadcrumb\"},\"inLanguage\":\"de\",\"potentialAction\":[{\"@type\":\"ReadAction\",\"target\":[\"https:\\\/\\\/wast-stick.at\\\/index.php\\\/dtf-transferdruck-hochwertiger-flexibler-textildruck-wast-stick\\\/\"]}]},{\"@type\":\"ImageObject\",\"inLanguage\":\"de\",\"@id\":\"https:\\\/\\\/wast-stick.at\\\/index.php\\\/dtf-transferdruck-hochwertiger-flexibler-textildruck-wast-stick\\\/#primaryimage\",\"url\":\"https:\\\/\\\/wast-stick.at\\\/wp-content\\\/uploads\\\/2023\\\/12\\\/20230209_083407-1-scaled.jpg\",\"contentUrl\":\"https:\\\/\\\/wast-stick.at\\\/wp-content\\\/uploads\\\/2023\\\/12\\\/20230209_083407-1-scaled.jpg\",\"width\":1920,\"height\":2560},{\"@type\":\"BreadcrumbList\",\"@id\":\"https:\\\/\\\/wast-stick.at\\\/index.php\\\/dtf-transferdruck-hochwertiger-flexibler-textildruck-wast-stick\\\/#breadcrumb\",\"itemListElement\":[{\"@type\":\"ListItem\",\"position\":1,\"name\":\"Home\",\"item\":\"https:\\\/\\\/wast-stick.at\\\/\"},{\"@type\":\"ListItem\",\"position\":2,\"name\":\"DTF-Transferdruck\"}]},{\"@type\":\"WebSite\",\"@id\":\"https:\\\/\\\/wast-stick.at\\\/#website\",\"url\":\"https:\\\/\\\/wast-stick.at\\\/\",\"name\":\"WaSt-STICK\",\"description\":\"Textildruck - Stick - Werbetechnik\",\"potentialAction\":[{\"@type\":\"SearchAction\",\"target\":{\"@type\":\"EntryPoint\",\"urlTemplate\":\"https:\\\/\\\/wast-stick.at\\\/?s={search_term_string}\"},\"query-input\":{\"@type\":\"PropertyValueSpecification\",\"valueRequired\":true,\"valueName\":\"search_term_string\"}}],\"inLanguage\":\"de\"}]}<\/script>\n<!-- \/ Yoast SEO plugin. -->","yoast_head_json":{"title":"DTF-Transferdruck \u2013 Perfekter Textildruck f\u00fcr leuchtende Farben | WaSt-Stick","description":"DTF-Transferdruck f\u00fcr strahlende Farben & hohe Haltbarkeit! Optimal f\u00fcr bunte Designs auf Baumwolle, Polyester & Mischgewebe. Jetzt informieren!","robots":{"index":"index","follow":"follow","max-snippet":"max-snippet:-1","max-image-preview":"max-image-preview:large","max-video-preview":"max-video-preview:-1"},"canonical":"https:\/\/wast-stick.at\/index.php\/dtf-transferdruck-hochwertiger-flexibler-textildruck-wast-stick\/","og_locale":"de_DE","og_type":"article","og_title":"DTF-Transferdruck \u2013 Perfekter Textildruck f\u00fcr leuchtende Farben | WaSt-Stick","og_description":"DTF-Transferdruck f\u00fcr strahlende Farben & hohe Haltbarkeit! Optimal f\u00fcr bunte Designs auf Baumwolle, Polyester & Mischgewebe. Jetzt informieren!","og_url":"https:\/\/wast-stick.at\/index.php\/dtf-transferdruck-hochwertiger-flexibler-textildruck-wast-stick\/","og_site_name":"WaSt-STICK","article_modified_time":"2025-03-08T20:54:23+00:00","og_image":[{"width":1920,"height":2560,"url":"https:\/\/wast-stick.at\/wp-content\/uploads\/2023\/12\/20230209_083407-1-scaled.jpg","type":"image\/jpeg"}],"twitter_card":"summary_large_image","twitter_misc":{"Gesch\u00e4tzte Lesezeit":"2\u00a0Minuten"},"schema":{"@context":"https:\/\/schema.org","@graph":[{"@type":"WebPage","@id":"https:\/\/wast-stick.at\/index.php\/dtf-transferdruck-hochwertiger-flexibler-textildruck-wast-stick\/","url":"https:\/\/wast-stick.at\/index.php\/dtf-transferdruck-hochwertiger-flexibler-textildruck-wast-stick\/","name":"DTF-Transferdruck \u2013 Perfekter Textildruck f\u00fcr leuchtende Farben | WaSt-Stick","isPartOf":{"@id":"https:\/\/wast-stick.at\/#website"},"primaryImageOfPage":{"@id":"https:\/\/wast-stick.at\/index.php\/dtf-transferdruck-hochwertiger-flexibler-textildruck-wast-stick\/#primaryimage"},"image":{"@id":"https:\/\/wast-stick.at\/index.php\/dtf-transferdruck-hochwertiger-flexibler-textildruck-wast-stick\/#primaryimage"},"thumbnailUrl":"https:\/\/wast-stick.at\/wp-content\/uploads\/2023\/12\/20230209_083407-1-768x1024.jpg","datePublished":"2020-06-29T13:30:12+00:00","dateModified":"2025-03-08T20:54:23+00:00","description":"DTF-Transferdruck f\u00fcr strahlende Farben & hohe Haltbarkeit! Optimal f\u00fcr bunte Designs auf Baumwolle, Polyester & Mischgewebe. Jetzt informieren!","breadcrumb":{"@id":"https:\/\/wast-stick.at\/index.php\/dtf-transferdruck-hochwertiger-flexibler-textildruck-wast-stick\/#breadcrumb"},"inLanguage":"de","potentialAction":[{"@type":"ReadAction","target":["https:\/\/wast-stick.at\/index.php\/dtf-transferdruck-hochwertiger-flexibler-textildruck-wast-stick\/"]}]},{"@type":"ImageObject","inLanguage":"de","@id":"https:\/\/wast-stick.at\/index.php\/dtf-transferdruck-hochwertiger-flexibler-textildruck-wast-stick\/#primaryimage","url":"https:\/\/wast-stick.at\/wp-content\/uploads\/2023\/12\/20230209_083407-1-scaled.jpg","contentUrl":"https:\/\/wast-stick.at\/wp-content\/uploads\/2023\/12\/20230209_083407-1-scaled.jpg","width":1920,"height":2560},{"@type":"BreadcrumbList","@id":"https:\/\/wast-stick.at\/index.php\/dtf-transferdruck-hochwertiger-flexibler-textildruck-wast-stick\/#breadcrumb","itemListElement":[{"@type":"ListItem","position":1,"name":"Home","item":"https:\/\/wast-stick.at\/"},{"@type":"ListItem","position":2,"name":"DTF-Transferdruck"}]},{"@type":"WebSite","@id":"https:\/\/wast-stick.at\/#website","url":"https:\/\/wast-stick.at\/","name":"WaSt-STICK","description":"Textildruck - Stick - Werbetechnik","potentialAction":[{"@type":"SearchAction","target":{"@type":"EntryPoint","urlTemplate":"https:\/\/wast-stick.at\/?s={search_term_string}"},"query-input":{"@type":"PropertyValueSpecification","valueRequired":true,"valueName":"search_term_string"}}],"inLanguage":"de"}]}},"jetpack_sharing_enabled":true,"_links":{"self":[{"href":"https:\/\/wast-stick.at\/index.php\/wp-json\/wp\/v2\/pages\/19","targetHints":{"allow":["GET"]}}],"collection":[{"href":"https:\/\/wast-stick.at\/index.php\/wp-json\/wp\/v2\/pages"}],"about":[{"href":"https:\/\/wast-stick.at\/index.php\/wp-json\/wp\/v2\/types\/page"}],"author":[{"embeddable":true,"href":"https:\/\/wast-stick.at\/index.php\/wp-json\/wp\/v2\/users\/1"}],"replies":[{"embeddable":true,"href":"https:\/\/wast-stick.at\/index.php\/wp-json\/wp\/v2\/comments?post=19"}],"version-history":[{"count":5,"href":"https:\/\/wast-stick.at\/index.php\/wp-json\/wp\/v2\/pages\/19\/revisions"}],"predecessor-version":[{"id":342,"href":"https:\/\/wast-stick.at\/index.php\/wp-json\/wp\/v2\/pages\/19\/revisions\/342"}],"wp:attachment":[{"href":"https:\/\/wast-stick.at\/index.php\/wp-json\/wp\/v2\/media?parent=19"}],"curies":[{"name":"wp","href":"https:\/\/api.w.org\/{rel}","templated":true}]}}