{"id":185,"date":"2021-10-15T07:19:15","date_gmt":"2021-10-15T07:19:15","guid":{"rendered":"https:\/\/wast-stick.at\/?page_id=185"},"modified":"2025-09-19T12:25:14","modified_gmt":"2025-09-19T12:25:14","slug":"bedruckte-bestickte-kleidung-kaufen-dein-textilshop-wast-stick","status":"publish","type":"page","link":"https:\/\/wast-stick.at\/index.php\/bedruckte-bestickte-kleidung-kaufen-dein-textilshop-wast-stick\/","title":{"rendered":"Textilshops"},"content":{"rendered":"\n<h3 class=\"wp-block-heading\"><strong>New Wave<\/strong> \u2013 <strong>Direkt vom Produzenten<\/strong><\/h3>\n\n\n\n<figure class=\"wp-block-image size-large\"><a href=\"https:\/\/www.newwave.at\/\"><img loading=\"lazy\" decoding=\"async\" width=\"1024\" height=\"387\" src=\"https:\/\/wast-stick.at\/wp-content\/uploads\/2025\/03\/NewWave-1024x387.png\" alt=\"\" class=\"wp-image-357\" srcset=\"https:\/\/wast-stick.at\/wp-content\/uploads\/2025\/03\/NewWave-1024x387.png 1024w, https:\/\/wast-stick.at\/wp-content\/uploads\/2025\/03\/NewWave-300x113.png 300w, https:\/\/wast-stick.at\/wp-content\/uploads\/2025\/03\/NewWave-768x290.png 768w, https:\/\/wast-stick.at\/wp-content\/uploads\/2025\/03\/NewWave-1536x580.png 1536w, https:\/\/wast-stick.at\/wp-content\/uploads\/2025\/03\/NewWave-2048x773.png 2048w, https:\/\/wast-stick.at\/wp-content\/uploads\/2025\/03\/NewWave-1000x378.png 1000w, https:\/\/wast-stick.at\/wp-content\/uploads\/2025\/03\/NewWave-230x87.png 230w, https:\/\/wast-stick.at\/wp-content\/uploads\/2025\/03\/NewWave-350x132.png 350w, https:\/\/wast-stick.at\/wp-content\/uploads\/2025\/03\/NewWave-480x181.png 480w\" sizes=\"auto, (max-width: 1024px) 100vw, 1024px\" \/><\/a><\/figure>\n\n\n\n<p><strong>New Wave<\/strong> ist ein renommierter Hersteller hochwertiger Berufs- und Freizeitbekleidung. Als Produzent setzt New Wave auf innovative Designs, h\u00f6chste Materialqualit\u00e4t und nachhaltige Produktionsstandards. Perfekt f\u00fcr alle, die funktionale und moderne Textilien suchen.<\/p>\n\n\n\n<h3 class=\"wp-block-heading\"><strong>Textile World<\/strong> \u2013 <strong>Textilgro\u00dfh\u00e4ndler<\/strong><\/h3>\n\n\n\n<figure class=\"wp-block-image size-large\"><a href=\"https:\/\/www.textileworld.eu\/?customer=D012735\"><img loading=\"lazy\" decoding=\"async\" width=\"1024\" height=\"386\" src=\"https:\/\/wast-stick.at\/wp-content\/uploads\/2025\/03\/textileworld-1024x386.png\" alt=\"\" class=\"wp-image-358\" srcset=\"https:\/\/wast-stick.at\/wp-content\/uploads\/2025\/03\/textileworld-1024x386.png 1024w, https:\/\/wast-stick.at\/wp-content\/uploads\/2025\/03\/textileworld-300x113.png 300w, https:\/\/wast-stick.at\/wp-content\/uploads\/2025\/03\/textileworld-768x290.png 768w, https:\/\/wast-stick.at\/wp-content\/uploads\/2025\/03\/textileworld-1536x579.png 1536w, https:\/\/wast-stick.at\/wp-content\/uploads\/2025\/03\/textileworld-2048x772.png 2048w, https:\/\/wast-stick.at\/wp-content\/uploads\/2025\/03\/textileworld-1000x377.png 1000w, https:\/\/wast-stick.at\/wp-content\/uploads\/2025\/03\/textileworld-230x87.png 230w, https:\/\/wast-stick.at\/wp-content\/uploads\/2025\/03\/textileworld-350x132.png 350w, https:\/\/wast-stick.at\/wp-content\/uploads\/2025\/03\/textileworld-480x181.png 480w\" sizes=\"auto, (max-width: 1024px) 100vw, 1024px\" \/><\/a><\/figure>\n\n\n\n<p><strong>Textile World <\/strong>ist einer der f\u00fchrenden Textilgro\u00dfh\u00e4ndler und bietet eine riesige Auswahl an Basics, modischen Kollektionen und Premium-Textilien. Von T-Shirts und Polos bis hin zu funktioneller Arbeitskleidung \u2013 hier gibt es alles f\u00fcr Druck und Stick in bester Qualit\u00e4t.<\/p>\n\n\n\n<h3 class=\"wp-block-heading\"><strong>L-Shop Team<\/strong> \u2013 <strong>Textilgro\u00dfh\u00e4ndler<\/strong><\/h3>\n\n\n\n<figure class=\"wp-block-image size-large\"><a href=\"https:\/\/textilshop.wast-stick.at\/de\/home\"><img loading=\"lazy\" decoding=\"async\" width=\"1024\" height=\"387\" src=\"https:\/\/wast-stick.at\/wp-content\/uploads\/2025\/03\/l-shop-1024x387.png\" alt=\"\" class=\"wp-image-360\" srcset=\"https:\/\/wast-stick.at\/wp-content\/uploads\/2025\/03\/l-shop-1024x387.png 1024w, https:\/\/wast-stick.at\/wp-content\/uploads\/2025\/03\/l-shop-300x113.png 300w, https:\/\/wast-stick.at\/wp-content\/uploads\/2025\/03\/l-shop-768x290.png 768w, https:\/\/wast-stick.at\/wp-content\/uploads\/2025\/03\/l-shop-1536x580.png 1536w, https:\/\/wast-stick.at\/wp-content\/uploads\/2025\/03\/l-shop-2048x773.png 2048w, https:\/\/wast-stick.at\/wp-content\/uploads\/2025\/03\/l-shop-1000x378.png 1000w, https:\/\/wast-stick.at\/wp-content\/uploads\/2025\/03\/l-shop-230x87.png 230w, https:\/\/wast-stick.at\/wp-content\/uploads\/2025\/03\/l-shop-350x132.png 350w, https:\/\/wast-stick.at\/wp-content\/uploads\/2025\/03\/l-shop-480x181.png 480w\" sizes=\"auto, (max-width: 1024px) 100vw, 1024px\" \/><\/a><\/figure>\n\n\n\n<p><strong>L-Shop Team<\/strong> z\u00e4hlt zu den gr\u00f6\u00dften Textilgro\u00dfh\u00e4ndlern Europas und bietet eine enorme Auswahl an Textilien f\u00fcr Werbung, Promotion, Workwear und Freizeit. Mit einer Vielzahl an Marken und Modellen findet sich hier f\u00fcr jede Anforderung das passende Produkt.<\/p>\n\n\n\n<h3 class=\"wp-block-heading\"><strong>Waibel \u2013 Spezialist f\u00fcr Arbeitsbekleidung<\/strong><\/h3>\n\n\n\n<figure class=\"wp-block-image size-large\"><a href=\"https:\/\/www.waibel.at\/\"><img loading=\"lazy\" decoding=\"async\" width=\"1024\" height=\"387\" src=\"https:\/\/wast-stick.at\/wp-content\/uploads\/2025\/03\/waibel-1024x387.png\" alt=\"\" class=\"wp-image-365\" srcset=\"https:\/\/wast-stick.at\/wp-content\/uploads\/2025\/03\/waibel-1024x387.png 1024w, https:\/\/wast-stick.at\/wp-content\/uploads\/2025\/03\/waibel-300x113.png 300w, https:\/\/wast-stick.at\/wp-content\/uploads\/2025\/03\/waibel-768x290.png 768w, https:\/\/wast-stick.at\/wp-content\/uploads\/2025\/03\/waibel-1536x580.png 1536w, https:\/\/wast-stick.at\/wp-content\/uploads\/2025\/03\/waibel-2048x773.png 2048w, https:\/\/wast-stick.at\/wp-content\/uploads\/2025\/03\/waibel-1000x378.png 1000w, https:\/\/wast-stick.at\/wp-content\/uploads\/2025\/03\/waibel-230x87.png 230w, https:\/\/wast-stick.at\/wp-content\/uploads\/2025\/03\/waibel-350x132.png 350w, https:\/\/wast-stick.at\/wp-content\/uploads\/2025\/03\/waibel-480x181.png 480w\" sizes=\"auto, (max-width: 1024px) 100vw, 1024px\" \/><\/a><\/figure>\n\n\n\n<p><strong>Waibel<\/strong> ist ein erfahrener Anbieter von hochwertigen Textilien f\u00fcr Berufsbekleidung. Mit einem breiten Sortiment an veredelungsfreundlichen Textilien und einem starken Fokus auf Qualit\u00e4t ist Waibel eine ideale Wahl f\u00fcr individuelle Druck- und Stickprojekte.<\/p>\n\n\n\n<p><\/p>\n","protected":false},"excerpt":{"rendered":"<p>New Wave \u2013 Direkt vom Produzenten New Wave ist ein renommierter Hersteller hochwertiger Berufs- und Freizeitbekleidung. Als Produzent setzt New Wave auf [&hellip;]<\/p>\n","protected":false},"author":1,"featured_media":0,"parent":0,"menu_order":0,"comment_status":"closed","ping_status":"closed","template":"","meta":{"footnotes":""},"class_list":["post-185","page","type-page","status-publish","hentry"],"yoast_head":"<!-- This site is optimized with the Yoast SEO plugin v27.4 - https:\/\/yoast.com\/product\/yoast-seo-wordpress\/ -->\n<title>Textilshop f\u00fcr bedruckte &amp; bestickte Kleidung \u2013 Hochwertige Textilien bei WaSt-Stick<\/title>\n<meta name=\"description\" content=\"Entdecke unseren Textilshop: Hochwertige T-Shirts, Hoodies, Jacken &amp; mehr \u2013 bedruckt oder bestickt nach deinen W\u00fcnschen. Jetzt st\u00f6bern &amp; bestellen!\" \/>\n<meta name=\"robots\" content=\"index, follow, max-snippet:-1, max-image-preview:large, max-video-preview:-1\" \/>\n<link rel=\"canonical\" href=\"https:\/\/wast-stick.at\/index.php\/bedruckte-bestickte-kleidung-kaufen-dein-textilshop-wast-stick\/\" \/>\n<meta property=\"og:locale\" content=\"de_DE\" \/>\n<meta property=\"og:type\" content=\"article\" \/>\n<meta property=\"og:title\" content=\"Textilshop f\u00fcr bedruckte &amp; bestickte Kleidung \u2013 Hochwertige Textilien bei WaSt-Stick\" \/>\n<meta property=\"og:description\" content=\"Entdecke unseren Textilshop: Hochwertige T-Shirts, Hoodies, Jacken &amp; mehr \u2013 bedruckt oder bestickt nach deinen W\u00fcnschen. Jetzt st\u00f6bern &amp; bestellen!\" \/>\n<meta property=\"og:url\" content=\"https:\/\/wast-stick.at\/index.php\/bedruckte-bestickte-kleidung-kaufen-dein-textilshop-wast-stick\/\" \/>\n<meta property=\"og:site_name\" content=\"WaSt-STICK\" \/>\n<meta property=\"article:modified_time\" content=\"2025-09-19T12:25:14+00:00\" \/>\n<meta property=\"og:image\" content=\"https:\/\/wast-stick.at\/wp-content\/uploads\/2025\/03\/NewWave.png\" \/>\n\t<meta property=\"og:image:width\" content=\"2490\" \/>\n\t<meta property=\"og:image:height\" content=\"940\" \/>\n\t<meta property=\"og:image:type\" content=\"image\/png\" \/>\n<meta name=\"twitter:card\" content=\"summary_large_image\" \/>\n<meta name=\"twitter:label1\" content=\"Gesch\u00e4tzte Lesezeit\" \/>\n\t<meta name=\"twitter:data1\" content=\"2\u00a0Minuten\" \/>\n<script type=\"application\/ld+json\" class=\"yoast-schema-graph\">{\"@context\":\"https:\\\/\\\/schema.org\",\"@graph\":[{\"@type\":\"WebPage\",\"@id\":\"https:\\\/\\\/wast-stick.at\\\/index.php\\\/bedruckte-bestickte-kleidung-kaufen-dein-textilshop-wast-stick\\\/\",\"url\":\"https:\\\/\\\/wast-stick.at\\\/index.php\\\/bedruckte-bestickte-kleidung-kaufen-dein-textilshop-wast-stick\\\/\",\"name\":\"Textilshop f\u00fcr bedruckte & bestickte Kleidung \u2013 Hochwertige Textilien bei WaSt-Stick\",\"isPartOf\":{\"@id\":\"https:\\\/\\\/wast-stick.at\\\/#website\"},\"primaryImageOfPage\":{\"@id\":\"https:\\\/\\\/wast-stick.at\\\/index.php\\\/bedruckte-bestickte-kleidung-kaufen-dein-textilshop-wast-stick\\\/#primaryimage\"},\"image\":{\"@id\":\"https:\\\/\\\/wast-stick.at\\\/index.php\\\/bedruckte-bestickte-kleidung-kaufen-dein-textilshop-wast-stick\\\/#primaryimage\"},\"thumbnailUrl\":\"https:\\\/\\\/wast-stick.at\\\/wp-content\\\/uploads\\\/2025\\\/03\\\/NewWave-1024x387.png\",\"datePublished\":\"2021-10-15T07:19:15+00:00\",\"dateModified\":\"2025-09-19T12:25:14+00:00\",\"description\":\"Entdecke unseren Textilshop: Hochwertige T-Shirts, Hoodies, Jacken & mehr \u2013 bedruckt oder bestickt nach deinen W\u00fcnschen. Jetzt st\u00f6bern & bestellen!\",\"breadcrumb\":{\"@id\":\"https:\\\/\\\/wast-stick.at\\\/index.php\\\/bedruckte-bestickte-kleidung-kaufen-dein-textilshop-wast-stick\\\/#breadcrumb\"},\"inLanguage\":\"de\",\"potentialAction\":[{\"@type\":\"ReadAction\",\"target\":[\"https:\\\/\\\/wast-stick.at\\\/index.php\\\/bedruckte-bestickte-kleidung-kaufen-dein-textilshop-wast-stick\\\/\"]}]},{\"@type\":\"ImageObject\",\"inLanguage\":\"de\",\"@id\":\"https:\\\/\\\/wast-stick.at\\\/index.php\\\/bedruckte-bestickte-kleidung-kaufen-dein-textilshop-wast-stick\\\/#primaryimage\",\"url\":\"https:\\\/\\\/wast-stick.at\\\/wp-content\\\/uploads\\\/2025\\\/03\\\/NewWave.png\",\"contentUrl\":\"https:\\\/\\\/wast-stick.at\\\/wp-content\\\/uploads\\\/2025\\\/03\\\/NewWave.png\",\"width\":2490,\"height\":940},{\"@type\":\"BreadcrumbList\",\"@id\":\"https:\\\/\\\/wast-stick.at\\\/index.php\\\/bedruckte-bestickte-kleidung-kaufen-dein-textilshop-wast-stick\\\/#breadcrumb\",\"itemListElement\":[{\"@type\":\"ListItem\",\"position\":1,\"name\":\"Home\",\"item\":\"https:\\\/\\\/wast-stick.at\\\/\"},{\"@type\":\"ListItem\",\"position\":2,\"name\":\"Textilshops\"}]},{\"@type\":\"WebSite\",\"@id\":\"https:\\\/\\\/wast-stick.at\\\/#website\",\"url\":\"https:\\\/\\\/wast-stick.at\\\/\",\"name\":\"WaSt-STICK\",\"description\":\"Textildruck - Stick - Werbetechnik\",\"potentialAction\":[{\"@type\":\"SearchAction\",\"target\":{\"@type\":\"EntryPoint\",\"urlTemplate\":\"https:\\\/\\\/wast-stick.at\\\/?s={search_term_string}\"},\"query-input\":{\"@type\":\"PropertyValueSpecification\",\"valueRequired\":true,\"valueName\":\"search_term_string\"}}],\"inLanguage\":\"de\"}]}<\/script>\n<!-- \/ Yoast SEO plugin. -->","yoast_head_json":{"title":"Textilshop f\u00fcr bedruckte & bestickte Kleidung \u2013 Hochwertige Textilien bei WaSt-Stick","description":"Entdecke unseren Textilshop: Hochwertige T-Shirts, Hoodies, Jacken & mehr \u2013 bedruckt oder bestickt nach deinen W\u00fcnschen. Jetzt st\u00f6bern & bestellen!","robots":{"index":"index","follow":"follow","max-snippet":"max-snippet:-1","max-image-preview":"max-image-preview:large","max-video-preview":"max-video-preview:-1"},"canonical":"https:\/\/wast-stick.at\/index.php\/bedruckte-bestickte-kleidung-kaufen-dein-textilshop-wast-stick\/","og_locale":"de_DE","og_type":"article","og_title":"Textilshop f\u00fcr bedruckte & bestickte Kleidung \u2013 Hochwertige Textilien bei WaSt-Stick","og_description":"Entdecke unseren Textilshop: Hochwertige T-Shirts, Hoodies, Jacken & mehr \u2013 bedruckt oder bestickt nach deinen W\u00fcnschen. Jetzt st\u00f6bern & bestellen!","og_url":"https:\/\/wast-stick.at\/index.php\/bedruckte-bestickte-kleidung-kaufen-dein-textilshop-wast-stick\/","og_site_name":"WaSt-STICK","article_modified_time":"2025-09-19T12:25:14+00:00","og_image":[{"width":2490,"height":940,"url":"https:\/\/wast-stick.at\/wp-content\/uploads\/2025\/03\/NewWave.png","type":"image\/png"}],"twitter_card":"summary_large_image","twitter_misc":{"Gesch\u00e4tzte Lesezeit":"2\u00a0Minuten"},"schema":{"@context":"https:\/\/schema.org","@graph":[{"@type":"WebPage","@id":"https:\/\/wast-stick.at\/index.php\/bedruckte-bestickte-kleidung-kaufen-dein-textilshop-wast-stick\/","url":"https:\/\/wast-stick.at\/index.php\/bedruckte-bestickte-kleidung-kaufen-dein-textilshop-wast-stick\/","name":"Textilshop f\u00fcr bedruckte & bestickte Kleidung \u2013 Hochwertige Textilien bei WaSt-Stick","isPartOf":{"@id":"https:\/\/wast-stick.at\/#website"},"primaryImageOfPage":{"@id":"https:\/\/wast-stick.at\/index.php\/bedruckte-bestickte-kleidung-kaufen-dein-textilshop-wast-stick\/#primaryimage"},"image":{"@id":"https:\/\/wast-stick.at\/index.php\/bedruckte-bestickte-kleidung-kaufen-dein-textilshop-wast-stick\/#primaryimage"},"thumbnailUrl":"https:\/\/wast-stick.at\/wp-content\/uploads\/2025\/03\/NewWave-1024x387.png","datePublished":"2021-10-15T07:19:15+00:00","dateModified":"2025-09-19T12:25:14+00:00","description":"Entdecke unseren Textilshop: Hochwertige T-Shirts, Hoodies, Jacken & mehr \u2013 bedruckt oder bestickt nach deinen W\u00fcnschen. Jetzt st\u00f6bern & bestellen!","breadcrumb":{"@id":"https:\/\/wast-stick.at\/index.php\/bedruckte-bestickte-kleidung-kaufen-dein-textilshop-wast-stick\/#breadcrumb"},"inLanguage":"de","potentialAction":[{"@type":"ReadAction","target":["https:\/\/wast-stick.at\/index.php\/bedruckte-bestickte-kleidung-kaufen-dein-textilshop-wast-stick\/"]}]},{"@type":"ImageObject","inLanguage":"de","@id":"https:\/\/wast-stick.at\/index.php\/bedruckte-bestickte-kleidung-kaufen-dein-textilshop-wast-stick\/#primaryimage","url":"https:\/\/wast-stick.at\/wp-content\/uploads\/2025\/03\/NewWave.png","contentUrl":"https:\/\/wast-stick.at\/wp-content\/uploads\/2025\/03\/NewWave.png","width":2490,"height":940},{"@type":"BreadcrumbList","@id":"https:\/\/wast-stick.at\/index.php\/bedruckte-bestickte-kleidung-kaufen-dein-textilshop-wast-stick\/#breadcrumb","itemListElement":[{"@type":"ListItem","position":1,"name":"Home","item":"https:\/\/wast-stick.at\/"},{"@type":"ListItem","position":2,"name":"Textilshops"}]},{"@type":"WebSite","@id":"https:\/\/wast-stick.at\/#website","url":"https:\/\/wast-stick.at\/","name":"WaSt-STICK","description":"Textildruck - Stick - Werbetechnik","potentialAction":[{"@type":"SearchAction","target":{"@type":"EntryPoint","urlTemplate":"https:\/\/wast-stick.at\/?s={search_term_string}"},"query-input":{"@type":"PropertyValueSpecification","valueRequired":true,"valueName":"search_term_string"}}],"inLanguage":"de"}]}},"jetpack_sharing_enabled":true,"_links":{"self":[{"href":"https:\/\/wast-stick.at\/index.php\/wp-json\/wp\/v2\/pages\/185","targetHints":{"allow":["GET"]}}],"collection":[{"href":"https:\/\/wast-stick.at\/index.php\/wp-json\/wp\/v2\/pages"}],"about":[{"href":"https:\/\/wast-stick.at\/index.php\/wp-json\/wp\/v2\/types\/page"}],"author":[{"embeddable":true,"href":"https:\/\/wast-stick.at\/index.php\/wp-json\/wp\/v2\/users\/1"}],"replies":[{"embeddable":true,"href":"https:\/\/wast-stick.at\/index.php\/wp-json\/wp\/v2\/comments?post=185"}],"version-history":[{"count":11,"href":"https:\/\/wast-stick.at\/index.php\/wp-json\/wp\/v2\/pages\/185\/revisions"}],"predecessor-version":[{"id":549,"href":"https:\/\/wast-stick.at\/index.php\/wp-json\/wp\/v2\/pages\/185\/revisions\/549"}],"wp:attachment":[{"href":"https:\/\/wast-stick.at\/index.php\/wp-json\/wp\/v2\/media?parent=185"}],"curies":[{"name":"wp","href":"https:\/\/api.w.org\/{rel}","templated":true}]}}