{"id":17,"date":"2020-06-29T13:29:57","date_gmt":"2020-06-29T13:29:57","guid":{"rendered":"https:\/\/wast-stick.at\/?page_id=17"},"modified":"2025-03-08T20:50:59","modified_gmt":"2025-03-08T20:50:59","slug":"textildruck-in-fotoqualitaet-digitaldruck-fuer-kleidung-wast-stick","status":"publish","type":"page","link":"https:\/\/wast-stick.at\/index.php\/textildruck-in-fotoqualitaet-digitaldruck-fuer-kleidung-wast-stick\/","title":{"rendered":"Digitaldruck"},"content":{"rendered":"\n<p><strong>Digitaldruck \u2013 qualitativ und gleichzeitig resistent<\/strong><\/p>\n\n\n\n<p>Diese Form bietet einzigartige M\u00f6glichkeiten f\u00fcr ma\u00dfgeschneiderte Druckprodukte. Dank des Digitaldrucks k\u00f6nnen auch kleine Auflagen rasch und g\u00fcnstig in hochwertiger Qualit\u00e4t produziert werden. Bei uns haben Sie die M\u00f6glichkeit die ganze Bandbreite des Digitaldrucks zu nutzen. Von der Erstellung von Sticker, Banner oder gro\u00dffl\u00e4chigen Beklebungen bis hin zur Veredelung von Textilien.<\/p>\n\n\n\n<figure class=\"wp-block-gallery has-nested-images columns-default is-cropped wp-block-gallery-1 is-layout-flex wp-block-gallery-is-layout-flex\">\n<figure class=\"wp-block-image size-large\"><img loading=\"lazy\" decoding=\"async\" width=\"718\" height=\"957\" data-id=\"334\" src=\"https:\/\/wast-stick.at\/wp-content\/uploads\/2023\/12\/20230531_100832.jpg\" alt=\"\" class=\"wp-image-334\" srcset=\"https:\/\/wast-stick.at\/wp-content\/uploads\/2023\/12\/20230531_100832.jpg 718w, https:\/\/wast-stick.at\/wp-content\/uploads\/2023\/12\/20230531_100832-225x300.jpg 225w, https:\/\/wast-stick.at\/wp-content\/uploads\/2023\/12\/20230531_100832-230x307.jpg 230w, https:\/\/wast-stick.at\/wp-content\/uploads\/2023\/12\/20230531_100832-350x467.jpg 350w, https:\/\/wast-stick.at\/wp-content\/uploads\/2023\/12\/20230531_100832-480x640.jpg 480w\" sizes=\"auto, (max-width: 718px) 100vw, 718px\" \/><\/figure>\n\n\n\n<figure class=\"wp-block-image size-large\"><img loading=\"lazy\" decoding=\"async\" width=\"718\" height=\"957\" data-id=\"335\" src=\"https:\/\/wast-stick.at\/wp-content\/uploads\/2023\/12\/20231213_161417.jpg\" alt=\"\" class=\"wp-image-335\" srcset=\"https:\/\/wast-stick.at\/wp-content\/uploads\/2023\/12\/20231213_161417.jpg 718w, https:\/\/wast-stick.at\/wp-content\/uploads\/2023\/12\/20231213_161417-225x300.jpg 225w, https:\/\/wast-stick.at\/wp-content\/uploads\/2023\/12\/20231213_161417-230x307.jpg 230w, https:\/\/wast-stick.at\/wp-content\/uploads\/2023\/12\/20231213_161417-350x467.jpg 350w, https:\/\/wast-stick.at\/wp-content\/uploads\/2023\/12\/20231213_161417-480x640.jpg 480w\" sizes=\"auto, (max-width: 718px) 100vw, 718px\" \/><\/figure>\n<\/figure>\n\n\n\n<figure class=\"wp-block-gallery has-nested-images columns-default is-cropped wp-block-gallery-2 is-layout-flex wp-block-gallery-is-layout-flex\">\n<figure class=\"wp-block-image size-large\"><img loading=\"lazy\" decoding=\"async\" width=\"768\" height=\"1024\" data-id=\"65\" src=\"https:\/\/wast-stick.at\/wp-content\/uploads\/2020\/06\/20190809_101114-768x1024.jpg\" alt=\"\" class=\"wp-image-65\" srcset=\"https:\/\/wast-stick.at\/wp-content\/uploads\/2020\/06\/20190809_101114-768x1024.jpg 768w, https:\/\/wast-stick.at\/wp-content\/uploads\/2020\/06\/20190809_101114-225x300.jpg 225w, https:\/\/wast-stick.at\/wp-content\/uploads\/2020\/06\/20190809_101114-1152x1536.jpg 1152w, https:\/\/wast-stick.at\/wp-content\/uploads\/2020\/06\/20190809_101114-1536x2048.jpg 1536w, https:\/\/wast-stick.at\/wp-content\/uploads\/2020\/06\/20190809_101114-830x1107.jpg 830w, https:\/\/wast-stick.at\/wp-content\/uploads\/2020\/06\/20190809_101114-230x307.jpg 230w, https:\/\/wast-stick.at\/wp-content\/uploads\/2020\/06\/20190809_101114-350x467.jpg 350w, https:\/\/wast-stick.at\/wp-content\/uploads\/2020\/06\/20190809_101114-480x640.jpg 480w, https:\/\/wast-stick.at\/wp-content\/uploads\/2020\/06\/20190809_101114-scaled.jpg 1920w\" sizes=\"auto, (max-width: 768px) 100vw, 768px\" \/><\/figure>\n\n\n\n<figure class=\"wp-block-image size-large\"><img loading=\"lazy\" decoding=\"async\" width=\"768\" height=\"1024\" data-id=\"66\" src=\"https:\/\/wast-stick.at\/wp-content\/uploads\/2020\/06\/20190627_163904-768x1024.jpg\" alt=\"\" class=\"wp-image-66\" srcset=\"https:\/\/wast-stick.at\/wp-content\/uploads\/2020\/06\/20190627_163904-768x1024.jpg 768w, https:\/\/wast-stick.at\/wp-content\/uploads\/2020\/06\/20190627_163904-225x300.jpg 225w, https:\/\/wast-stick.at\/wp-content\/uploads\/2020\/06\/20190627_163904-1152x1536.jpg 1152w, https:\/\/wast-stick.at\/wp-content\/uploads\/2020\/06\/20190627_163904-1536x2048.jpg 1536w, https:\/\/wast-stick.at\/wp-content\/uploads\/2020\/06\/20190627_163904-830x1107.jpg 830w, https:\/\/wast-stick.at\/wp-content\/uploads\/2020\/06\/20190627_163904-230x307.jpg 230w, https:\/\/wast-stick.at\/wp-content\/uploads\/2020\/06\/20190627_163904-350x467.jpg 350w, https:\/\/wast-stick.at\/wp-content\/uploads\/2020\/06\/20190627_163904-480x640.jpg 480w, https:\/\/wast-stick.at\/wp-content\/uploads\/2020\/06\/20190627_163904-scaled.jpg 1920w\" sizes=\"auto, (max-width: 768px) 100vw, 768px\" \/><\/figure>\n<\/figure>\n","protected":false},"excerpt":{"rendered":"<p>Digitaldruck \u2013 qualitativ und gleichzeitig resistent Diese Form bietet einzigartige M\u00f6glichkeiten f\u00fcr ma\u00dfgeschneiderte Druckprodukte. Dank des Digitaldrucks k\u00f6nnen auch kleine Auflagen rasch [&hellip;]<\/p>\n","protected":false},"author":1,"featured_media":0,"parent":0,"menu_order":0,"comment_status":"closed","ping_status":"closed","template":"","meta":{"footnotes":""},"class_list":["post-17","page","type-page","status-publish","hentry"],"yoast_head":"<!-- This site is optimized with the Yoast SEO plugin v27.4 - https:\/\/yoast.com\/product\/yoast-seo-wordpress\/ -->\n<title>Textilien mit Digitaldruck \u2013 Hochwertige Drucke in Fotoqualit\u00e4t | WaSt-Stick<\/title>\n<meta name=\"description\" content=\"Brillante Farben &amp; gestochen scharfe Motive: Unser Digitaldruck bietet hochwertige Drucke auf T-Shirts, Hoodies &amp; mehr \u2013 ideal f\u00fcr kleine Auflagen!\" \/>\n<meta name=\"robots\" content=\"index, follow, max-snippet:-1, max-image-preview:large, max-video-preview:-1\" \/>\n<link rel=\"canonical\" href=\"https:\/\/wast-stick.at\/index.php\/textildruck-in-fotoqualitaet-digitaldruck-fuer-kleidung-wast-stick\/\" \/>\n<meta property=\"og:locale\" content=\"de_DE\" \/>\n<meta property=\"og:type\" content=\"article\" \/>\n<meta property=\"og:title\" content=\"Textilien mit Digitaldruck \u2013 Hochwertige Drucke in Fotoqualit\u00e4t | WaSt-Stick\" \/>\n<meta property=\"og:description\" content=\"Brillante Farben &amp; gestochen scharfe Motive: Unser Digitaldruck bietet hochwertige Drucke auf T-Shirts, Hoodies &amp; mehr \u2013 ideal f\u00fcr kleine Auflagen!\" \/>\n<meta property=\"og:url\" content=\"https:\/\/wast-stick.at\/index.php\/textildruck-in-fotoqualitaet-digitaldruck-fuer-kleidung-wast-stick\/\" \/>\n<meta property=\"og:site_name\" content=\"WaSt-STICK\" \/>\n<meta property=\"article:modified_time\" content=\"2025-03-08T20:50:59+00:00\" \/>\n<meta property=\"og:image\" content=\"https:\/\/wast-stick.at\/wp-content\/uploads\/2023\/12\/20230531_100832.jpg\" \/>\n\t<meta property=\"og:image:width\" content=\"718\" \/>\n\t<meta property=\"og:image:height\" content=\"957\" \/>\n\t<meta property=\"og:image:type\" content=\"image\/jpeg\" \/>\n<meta name=\"twitter:card\" content=\"summary_large_image\" \/>\n<meta name=\"twitter:label1\" content=\"Gesch\u00e4tzte Lesezeit\" \/>\n\t<meta name=\"twitter:data1\" content=\"2\u00a0Minuten\" \/>\n<script type=\"application\/ld+json\" class=\"yoast-schema-graph\">{\"@context\":\"https:\\\/\\\/schema.org\",\"@graph\":[{\"@type\":\"WebPage\",\"@id\":\"https:\\\/\\\/wast-stick.at\\\/index.php\\\/textildruck-in-fotoqualitaet-digitaldruck-fuer-kleidung-wast-stick\\\/\",\"url\":\"https:\\\/\\\/wast-stick.at\\\/index.php\\\/textildruck-in-fotoqualitaet-digitaldruck-fuer-kleidung-wast-stick\\\/\",\"name\":\"Textilien mit Digitaldruck \u2013 Hochwertige Drucke in Fotoqualit\u00e4t | WaSt-Stick\",\"isPartOf\":{\"@id\":\"https:\\\/\\\/wast-stick.at\\\/#website\"},\"primaryImageOfPage\":{\"@id\":\"https:\\\/\\\/wast-stick.at\\\/index.php\\\/textildruck-in-fotoqualitaet-digitaldruck-fuer-kleidung-wast-stick\\\/#primaryimage\"},\"image\":{\"@id\":\"https:\\\/\\\/wast-stick.at\\\/index.php\\\/textildruck-in-fotoqualitaet-digitaldruck-fuer-kleidung-wast-stick\\\/#primaryimage\"},\"thumbnailUrl\":\"https:\\\/\\\/wast-stick.at\\\/wp-content\\\/uploads\\\/2023\\\/12\\\/20230531_100832.jpg\",\"datePublished\":\"2020-06-29T13:29:57+00:00\",\"dateModified\":\"2025-03-08T20:50:59+00:00\",\"description\":\"Brillante Farben & gestochen scharfe Motive: Unser Digitaldruck bietet hochwertige Drucke auf T-Shirts, Hoodies & mehr \u2013 ideal f\u00fcr kleine Auflagen!\",\"breadcrumb\":{\"@id\":\"https:\\\/\\\/wast-stick.at\\\/index.php\\\/textildruck-in-fotoqualitaet-digitaldruck-fuer-kleidung-wast-stick\\\/#breadcrumb\"},\"inLanguage\":\"de\",\"potentialAction\":[{\"@type\":\"ReadAction\",\"target\":[\"https:\\\/\\\/wast-stick.at\\\/index.php\\\/textildruck-in-fotoqualitaet-digitaldruck-fuer-kleidung-wast-stick\\\/\"]}]},{\"@type\":\"ImageObject\",\"inLanguage\":\"de\",\"@id\":\"https:\\\/\\\/wast-stick.at\\\/index.php\\\/textildruck-in-fotoqualitaet-digitaldruck-fuer-kleidung-wast-stick\\\/#primaryimage\",\"url\":\"https:\\\/\\\/wast-stick.at\\\/wp-content\\\/uploads\\\/2023\\\/12\\\/20230531_100832.jpg\",\"contentUrl\":\"https:\\\/\\\/wast-stick.at\\\/wp-content\\\/uploads\\\/2023\\\/12\\\/20230531_100832.jpg\",\"width\":718,\"height\":957},{\"@type\":\"BreadcrumbList\",\"@id\":\"https:\\\/\\\/wast-stick.at\\\/index.php\\\/textildruck-in-fotoqualitaet-digitaldruck-fuer-kleidung-wast-stick\\\/#breadcrumb\",\"itemListElement\":[{\"@type\":\"ListItem\",\"position\":1,\"name\":\"Home\",\"item\":\"https:\\\/\\\/wast-stick.at\\\/\"},{\"@type\":\"ListItem\",\"position\":2,\"name\":\"Digitaldruck\"}]},{\"@type\":\"WebSite\",\"@id\":\"https:\\\/\\\/wast-stick.at\\\/#website\",\"url\":\"https:\\\/\\\/wast-stick.at\\\/\",\"name\":\"WaSt-STICK\",\"description\":\"Textildruck - Stick - Werbetechnik\",\"potentialAction\":[{\"@type\":\"SearchAction\",\"target\":{\"@type\":\"EntryPoint\",\"urlTemplate\":\"https:\\\/\\\/wast-stick.at\\\/?s={search_term_string}\"},\"query-input\":{\"@type\":\"PropertyValueSpecification\",\"valueRequired\":true,\"valueName\":\"search_term_string\"}}],\"inLanguage\":\"de\"}]}<\/script>\n<!-- \/ Yoast SEO plugin. -->","yoast_head_json":{"title":"Textilien mit Digitaldruck \u2013 Hochwertige Drucke in Fotoqualit\u00e4t | WaSt-Stick","description":"Brillante Farben & gestochen scharfe Motive: Unser Digitaldruck bietet hochwertige Drucke auf T-Shirts, Hoodies & mehr \u2013 ideal f\u00fcr kleine Auflagen!","robots":{"index":"index","follow":"follow","max-snippet":"max-snippet:-1","max-image-preview":"max-image-preview:large","max-video-preview":"max-video-preview:-1"},"canonical":"https:\/\/wast-stick.at\/index.php\/textildruck-in-fotoqualitaet-digitaldruck-fuer-kleidung-wast-stick\/","og_locale":"de_DE","og_type":"article","og_title":"Textilien mit Digitaldruck \u2013 Hochwertige Drucke in Fotoqualit\u00e4t | WaSt-Stick","og_description":"Brillante Farben & gestochen scharfe Motive: Unser Digitaldruck bietet hochwertige Drucke auf T-Shirts, Hoodies & mehr \u2013 ideal f\u00fcr kleine Auflagen!","og_url":"https:\/\/wast-stick.at\/index.php\/textildruck-in-fotoqualitaet-digitaldruck-fuer-kleidung-wast-stick\/","og_site_name":"WaSt-STICK","article_modified_time":"2025-03-08T20:50:59+00:00","og_image":[{"width":718,"height":957,"url":"https:\/\/wast-stick.at\/wp-content\/uploads\/2023\/12\/20230531_100832.jpg","type":"image\/jpeg"}],"twitter_card":"summary_large_image","twitter_misc":{"Gesch\u00e4tzte Lesezeit":"2\u00a0Minuten"},"schema":{"@context":"https:\/\/schema.org","@graph":[{"@type":"WebPage","@id":"https:\/\/wast-stick.at\/index.php\/textildruck-in-fotoqualitaet-digitaldruck-fuer-kleidung-wast-stick\/","url":"https:\/\/wast-stick.at\/index.php\/textildruck-in-fotoqualitaet-digitaldruck-fuer-kleidung-wast-stick\/","name":"Textilien mit Digitaldruck \u2013 Hochwertige Drucke in Fotoqualit\u00e4t | WaSt-Stick","isPartOf":{"@id":"https:\/\/wast-stick.at\/#website"},"primaryImageOfPage":{"@id":"https:\/\/wast-stick.at\/index.php\/textildruck-in-fotoqualitaet-digitaldruck-fuer-kleidung-wast-stick\/#primaryimage"},"image":{"@id":"https:\/\/wast-stick.at\/index.php\/textildruck-in-fotoqualitaet-digitaldruck-fuer-kleidung-wast-stick\/#primaryimage"},"thumbnailUrl":"https:\/\/wast-stick.at\/wp-content\/uploads\/2023\/12\/20230531_100832.jpg","datePublished":"2020-06-29T13:29:57+00:00","dateModified":"2025-03-08T20:50:59+00:00","description":"Brillante Farben & gestochen scharfe Motive: Unser Digitaldruck bietet hochwertige Drucke auf T-Shirts, Hoodies & mehr \u2013 ideal f\u00fcr kleine Auflagen!","breadcrumb":{"@id":"https:\/\/wast-stick.at\/index.php\/textildruck-in-fotoqualitaet-digitaldruck-fuer-kleidung-wast-stick\/#breadcrumb"},"inLanguage":"de","potentialAction":[{"@type":"ReadAction","target":["https:\/\/wast-stick.at\/index.php\/textildruck-in-fotoqualitaet-digitaldruck-fuer-kleidung-wast-stick\/"]}]},{"@type":"ImageObject","inLanguage":"de","@id":"https:\/\/wast-stick.at\/index.php\/textildruck-in-fotoqualitaet-digitaldruck-fuer-kleidung-wast-stick\/#primaryimage","url":"https:\/\/wast-stick.at\/wp-content\/uploads\/2023\/12\/20230531_100832.jpg","contentUrl":"https:\/\/wast-stick.at\/wp-content\/uploads\/2023\/12\/20230531_100832.jpg","width":718,"height":957},{"@type":"BreadcrumbList","@id":"https:\/\/wast-stick.at\/index.php\/textildruck-in-fotoqualitaet-digitaldruck-fuer-kleidung-wast-stick\/#breadcrumb","itemListElement":[{"@type":"ListItem","position":1,"name":"Home","item":"https:\/\/wast-stick.at\/"},{"@type":"ListItem","position":2,"name":"Digitaldruck"}]},{"@type":"WebSite","@id":"https:\/\/wast-stick.at\/#website","url":"https:\/\/wast-stick.at\/","name":"WaSt-STICK","description":"Textildruck - Stick - Werbetechnik","potentialAction":[{"@type":"SearchAction","target":{"@type":"EntryPoint","urlTemplate":"https:\/\/wast-stick.at\/?s={search_term_string}"},"query-input":{"@type":"PropertyValueSpecification","valueRequired":true,"valueName":"search_term_string"}}],"inLanguage":"de"}]}},"jetpack_sharing_enabled":true,"_links":{"self":[{"href":"https:\/\/wast-stick.at\/index.php\/wp-json\/wp\/v2\/pages\/17","targetHints":{"allow":["GET"]}}],"collection":[{"href":"https:\/\/wast-stick.at\/index.php\/wp-json\/wp\/v2\/pages"}],"about":[{"href":"https:\/\/wast-stick.at\/index.php\/wp-json\/wp\/v2\/types\/page"}],"author":[{"embeddable":true,"href":"https:\/\/wast-stick.at\/index.php\/wp-json\/wp\/v2\/users\/1"}],"replies":[{"embeddable":true,"href":"https:\/\/wast-stick.at\/index.php\/wp-json\/wp\/v2\/comments?post=17"}],"version-history":[{"count":3,"href":"https:\/\/wast-stick.at\/index.php\/wp-json\/wp\/v2\/pages\/17\/revisions"}],"predecessor-version":[{"id":336,"href":"https:\/\/wast-stick.at\/index.php\/wp-json\/wp\/v2\/pages\/17\/revisions\/336"}],"wp:attachment":[{"href":"https:\/\/wast-stick.at\/index.php\/wp-json\/wp\/v2\/media?parent=17"}],"curies":[{"name":"wp","href":"https:\/\/api.w.org\/{rel}","templated":true}]}}